{"id":3112,"date":"2022-05-31T14:47:29","date_gmt":"2022-05-31T12:47:29","guid":{"rendered":"https:\/\/www.hbs-sa.com\/?page_id=3112"},"modified":"2025-04-07T17:09:38","modified_gmt":"2025-04-07T15:09:38","slug":"hbs-filiales-internationales","status":"publish","type":"page","link":"https:\/\/www.hbs-sa.com\/fr\/hbs-filiales-internationales\/","title":{"rendered":"international"},"content":{"rendered":"<div id='av_section_1'  class='avia-section av-dxlc4a-c0e59ac0f7b6e08f436e7fa2971491f0 alternate_color avia-section-large avia-no-border-styling  avia-builder-el-0  el_before_av_section  avia-builder-el-first  avia-bg-style-scroll container_wrap fullsize'  ><div class='container av-section-cont-open' ><main  role=\"main\" itemprop=\"mainContentOfPage\"  class='template-page content  av-content-full alpha units'><div class='post-entry post-entry-type-page post-entry-3112'><div class='entry-content-wrapper clearfix'>\n\n<style type=\"text\/css\" data-created_by=\"avia_inline_auto\" id=\"style-css-av-d01zm2-014af39ea5a6caa2f380dae66fe42a37\">\n.flex_column.av-d01zm2-014af39ea5a6caa2f380dae66fe42a37{\nborder-radius:0px 0px 0px 0px;\npadding:0px 0px 0px 0px;\n}\n<\/style>\n<div  class='flex_column av-d01zm2-014af39ea5a6caa2f380dae66fe42a37 av_one_full  avia-builder-el-1  avia-builder-el-no-sibling  first flex_column_div av-zero-column-padding  '     ><p>\n<style type=\"text\/css\" data-created_by=\"avia_inline_auto\" id=\"style-css-av-l3tt9ymy-5048b57321382444fff0f8c8550d11b6\">\n#top .av-special-heading.av-l3tt9ymy-5048b57321382444fff0f8c8550d11b6{\npadding-bottom:32px;\ncolor:#ffffff;\nfont-size:40px;\n}\nbody .av-special-heading.av-l3tt9ymy-5048b57321382444fff0f8c8550d11b6 .av-special-heading-tag .heading-char{\nfont-size:25px;\n}\n#top #wrap_all .av-special-heading.av-l3tt9ymy-5048b57321382444fff0f8c8550d11b6 .av-special-heading-tag{\nfont-size:40px;\n}\n.av-special-heading.av-l3tt9ymy-5048b57321382444fff0f8c8550d11b6 .special-heading-inner-border{\nborder-color:#ffffff;\n}\n.av-special-heading.av-l3tt9ymy-5048b57321382444fff0f8c8550d11b6 .av-subheading{\nfont-size:15px;\n}\n\n@media only screen and (min-width: 480px) and (max-width: 767px){ \n#top #wrap_all .av-special-heading.av-l3tt9ymy-5048b57321382444fff0f8c8550d11b6 .av-special-heading-tag{\nfont-size:0.8em;\n}\n}\n\n@media only screen and (max-width: 479px){ \n#top #wrap_all .av-special-heading.av-l3tt9ymy-5048b57321382444fff0f8c8550d11b6 .av-special-heading-tag{\nfont-size:0.8em;\n}\n}\n<\/style>\n<div  class='av-special-heading av-l3tt9ymy-5048b57321382444fff0f8c8550d11b6 av-special-heading-h1 custom-color-heading blockquote modern-quote  avia-builder-el-2  el_before_av_hr  avia-builder-el-first  av-inherit-size'><h1 class='av-special-heading-tag '  itemprop=\"headline\"  >GLOBALEMENT LOCAL<\/h1><div class=\"special-heading-border\"><div class=\"special-heading-inner-border\"><\/div><\/div><\/div><br \/>\n\n<style type=\"text\/css\" data-created_by=\"avia_inline_auto\" id=\"style-css-av-b6cdkq-c8edf0906edace6947e741f43d76975e\">\n#top .hr.hr-invisible.av-b6cdkq-c8edf0906edace6947e741f43d76975e{\nmargin-top:-5px;\nheight:1px;\n}\n<\/style>\n<div  class='hr av-b6cdkq-c8edf0906edace6947e741f43d76975e hr-invisible  avia-builder-el-3  el_after_av_heading  el_before_av_textblock '><span class='hr-inner '><span class=\"hr-inner-style\"><\/span><\/span><\/div><br \/>\n\n<style type=\"text\/css\" data-created_by=\"avia_inline_auto\" id=\"style-css-av-l3ttki1u-0bcb1e66daefbe32ed6b2cb123194c54\">\n#top .av_textblock_section.av-l3ttki1u-0bcb1e66daefbe32ed6b2cb123194c54 .avia_textblock{\nfont-size:18px;\ncolor:#ffffff;\n}\n<\/style>\n<section  class='av_textblock_section av-l3ttki1u-0bcb1e66daefbe32ed6b2cb123194c54 '   itemscope=\"itemscope\" itemtype=\"https:\/\/schema.org\/CreativeWork\" ><div class='avia_textblock av_inherit_color'  itemprop=\"text\" ><p>Nous assistons nos clients internationalement dans la gestion de leur patrimoine. Forts d&rsquo;une analyse et strat\u00e9gie globale, nos bureaux de Dubai offrent un point de contact r\u00e9gional en ligne avec les r\u00e9gulations locales. Nous pensons globalement et agissons localement pour le bien de nos clients o\u00f9 qu&rsquo;\u00edl se trouvent.<\/p>\n<\/div><\/section><\/p><\/div>\n\n<\/div><\/div><\/main><!-- close content main element --><\/div><\/div>\n<style type=\"text\/css\" data-created_by=\"avia_inline_auto\" id=\"style-css-av-9nis6y-da69f75d36f52ed1e9330648260909e2\">\n.avia-section.av-9nis6y-da69f75d36f52ed1e9330648260909e2{\nbackground-color:#f6f6f6;\nbackground-image:unset;\n}\n<\/style>\n<div id='av_section_2'  class='avia-section av-9nis6y-da69f75d36f52ed1e9330648260909e2 main_color avia-section-huge avia-no-border-styling  avia-builder-el-5  el_after_av_section  avia-builder-el-last  avia-bg-style-scroll container_wrap fullsize'  ><div class='container av-section-cont-open' ><div class='template-page content  av-content-full alpha units'><div class='post-entry post-entry-type-page post-entry-3112'><div class='entry-content-wrapper clearfix'>\n\n<style type=\"text\/css\" data-created_by=\"avia_inline_auto\" id=\"style-css-av-3wjfqi-8511723d8ac59dcf02f7d9689c6f09b0\">\n.flex_column.av-3wjfqi-8511723d8ac59dcf02f7d9689c6f09b0{\nborder-radius:0px 0px 0px 0px;\npadding:0px 0px 0px 0px;\n}\n<\/style>\n<div  class='flex_column av-3wjfqi-8511723d8ac59dcf02f7d9689c6f09b0 av_one_third  avia-builder-el-6  avia-builder-el-no-sibling  flex_column_div av-zero-column-padding  '     ><p>\n<style type=\"text\/css\" data-created_by=\"avia_inline_auto\" id=\"style-css-av-l3tutmwd-44c936d10811c209a481261f6cfe35fd\">\n.avia-image-container.av-l3tutmwd-44c936d10811c209a481261f6cfe35fd img.avia_image{\nbox-shadow:none;\n}\n.avia-image-container.av-l3tutmwd-44c936d10811c209a481261f6cfe35fd .av-image-caption-overlay-center{\ncolor:#ffffff;\n}\n<\/style>\n<div  class='avia-image-container av-l3tutmwd-44c936d10811c209a481261f6cfe35fd av-styling- av-hover-grow av-img-linked avia-align-left  avia-builder-el-7  el_before_av_hr  avia-builder-el-first '   itemprop=\"image\" itemscope=\"itemscope\" itemtype=\"https:\/\/schema.org\/ImageObject\" ><div class=\"avia-image-container-inner\"><div class=\"avia-image-overlay-wrap\"><a href=\"https:\/\/www.hbs-sa.com\/fr\/hbs-moyen-orient\/\" class='avia_image '  aria-label='Detail,The,Dubai,Frame,Skyline'><img decoding=\"async\" fetchpriority=\"high\" class='wp-image-3105 avia-img-lazy-loading-not-3105 avia_image ' src=\"https:\/\/www.hbs-sa.com\/wp-content\/uploads\/2022\/05\/Dubai_small_500.jpg\" alt='' title='Detail,The,Dubai,Frame,Skyline'  height=\"333\" width=\"500\"  itemprop=\"thumbnailUrl\" srcset=\"https:\/\/www.hbs-sa.com\/wp-content\/uploads\/2022\/05\/Dubai_small_500.jpg 500w, https:\/\/www.hbs-sa.com\/wp-content\/uploads\/2022\/05\/Dubai_small_500-300x200.jpg 300w\" sizes=\"(max-width: 500px) 100vw, 500px\" \/><\/a><\/div><\/div><\/div><br \/>\n\n<style type=\"text\/css\" data-created_by=\"avia_inline_auto\" id=\"style-css-av-1zvq96-712b1f0afdc1e6abe9a9c9aa91917572\">\n#top .hr.hr-invisible.av-1zvq96-712b1f0afdc1e6abe9a9c9aa91917572{\nheight:20px;\n}\n<\/style>\n<div  class='hr av-1zvq96-712b1f0afdc1e6abe9a9c9aa91917572 hr-invisible  avia-builder-el-8  el_after_av_image  el_before_av_textblock '><span class='hr-inner '><span class=\"hr-inner-style\"><\/span><\/span><\/div><br \/>\n<section  class='av_textblock_section av-l3tuvjjo-382ebf7a1191709509a4c9a7a6bd9337 '   itemscope=\"itemscope\" itemtype=\"https:\/\/schema.org\/CreativeWork\" ><div class='avia_textblock'  itemprop=\"text\" ><h3><a href=\"https:\/\/www.hbs-sa.com\/fr\/hbs-moyen-orient\/\"><strong>hbs<\/strong> Moyen Orient<\/a><\/h3>\n<p>Nos bureaux de Dubai, UAE sont au centre de l&rsquo;\u00e9conomie florissante et visionnaire du Moyen Orient.<\/p>\n<\/div><\/section><\/p><\/div>\n","protected":false},"excerpt":{"rendered":"","protected":false},"author":1,"featured_media":0,"parent":0,"menu_order":0,"comment_status":"closed","ping_status":"closed","template":"","meta":{"footnotes":""},"class_list":["post-3112","page","type-page","status-publish","hentry"],"yoast_head":"<!-- This site is optimized with the Yoast SEO plugin v25.0 - https:\/\/yoast.com\/wordpress\/plugins\/seo\/ -->\n<title>Filiales internationales - HBS Family Office et Gestion de Patrimoine<\/title>\n<meta name=\"description\" content=\"HBS \u00e0 l&#039;international offre une strat\u00e9gie globale, et des bureaux \u00e0 Dubai et Londres pour une approche r\u00e9gionale en phase avec nos clients.\" \/>\n<meta name=\"robots\" content=\"index, follow, max-snippet:-1, max-image-preview:large, max-video-preview:-1\" \/>\n<link rel=\"canonical\" href=\"https:\/\/www.hbs-sa.com\/fr\/hbs-filiales-internationales\/\" \/>\n<meta property=\"og:locale\" content=\"fr_FR\" \/>\n<meta property=\"og:type\" content=\"article\" \/>\n<meta property=\"og:title\" content=\"Filiales internationales - HBS Family Office et Gestion de Patrimoine\" \/>\n<meta property=\"og:description\" content=\"HBS \u00e0 l&#039;international offre une strat\u00e9gie globale, et des bureaux \u00e0 Dubai et Londres pour une approche r\u00e9gionale en phase avec nos clients.\" \/>\n<meta property=\"og:url\" content=\"https:\/\/www.hbs-sa.com\/fr\/hbs-filiales-internationales\/\" \/>\n<meta property=\"og:site_name\" content=\"hbs\" \/>\n<meta property=\"article:modified_time\" content=\"2025-04-07T15:09:38+00:00\" \/>\n<meta name=\"twitter:card\" content=\"summary_large_image\" \/>\n<meta name=\"twitter:label1\" content=\"Dur\u00e9e de lecture estim\u00e9e\" \/>\n\t<meta name=\"twitter:data1\" content=\"2 minutes\" \/>\n<script type=\"application\/ld+json\" class=\"yoast-schema-graph\">{\"@context\":\"https:\/\/schema.org\",\"@graph\":[{\"@type\":\"WebPage\",\"@id\":\"https:\/\/www.hbs-sa.com\/fr\/hbs-filiales-internationales\/\",\"url\":\"https:\/\/www.hbs-sa.com\/fr\/hbs-filiales-internationales\/\",\"name\":\"Filiales internationales - HBS Family Office et Gestion de Patrimoine\",\"isPartOf\":{\"@id\":\"https:\/\/www.hbs-sa.com\/en\/#website\"},\"datePublished\":\"2022-05-31T12:47:29+00:00\",\"dateModified\":\"2025-04-07T15:09:38+00:00\",\"description\":\"HBS \u00e0 l'international offre une strat\u00e9gie globale, et des bureaux \u00e0 Dubai et Londres pour une approche r\u00e9gionale en phase avec nos clients.\",\"breadcrumb\":{\"@id\":\"https:\/\/www.hbs-sa.com\/fr\/hbs-filiales-internationales\/#breadcrumb\"},\"inLanguage\":\"fr-FR\",\"potentialAction\":[{\"@type\":\"ReadAction\",\"target\":[\"https:\/\/www.hbs-sa.com\/fr\/hbs-filiales-internationales\/\"]}]},{\"@type\":\"BreadcrumbList\",\"@id\":\"https:\/\/www.hbs-sa.com\/fr\/hbs-filiales-internationales\/#breadcrumb\",\"itemListElement\":[{\"@type\":\"ListItem\",\"position\":1,\"name\":\"Home\",\"item\":\"https:\/\/www.hbs-sa.com\/fr\/\"},{\"@type\":\"ListItem\",\"position\":2,\"name\":\"international\"}]},{\"@type\":\"WebSite\",\"@id\":\"https:\/\/www.hbs-sa.com\/en\/#website\",\"url\":\"https:\/\/www.hbs-sa.com\/en\/\",\"name\":\"hbs\",\"description\":\"\",\"potentialAction\":[{\"@type\":\"SearchAction\",\"target\":{\"@type\":\"EntryPoint\",\"urlTemplate\":\"https:\/\/www.hbs-sa.com\/en\/?s={search_term_string}\"},\"query-input\":{\"@type\":\"PropertyValueSpecification\",\"valueRequired\":true,\"valueName\":\"search_term_string\"}}],\"inLanguage\":\"fr-FR\"}]}<\/script>\n<!-- \/ Yoast SEO plugin. -->","yoast_head_json":{"title":"Filiales internationales - HBS Family Office et Gestion de Patrimoine","description":"HBS \u00e0 l'international offre une strat\u00e9gie globale, et des bureaux \u00e0 Dubai et Londres pour une approche r\u00e9gionale en phase avec nos clients.","robots":{"index":"index","follow":"follow","max-snippet":"max-snippet:-1","max-image-preview":"max-image-preview:large","max-video-preview":"max-video-preview:-1"},"canonical":"https:\/\/www.hbs-sa.com\/fr\/hbs-filiales-internationales\/","og_locale":"fr_FR","og_type":"article","og_title":"Filiales internationales - HBS Family Office et Gestion de Patrimoine","og_description":"HBS \u00e0 l'international offre une strat\u00e9gie globale, et des bureaux \u00e0 Dubai et Londres pour une approche r\u00e9gionale en phase avec nos clients.","og_url":"https:\/\/www.hbs-sa.com\/fr\/hbs-filiales-internationales\/","og_site_name":"hbs","article_modified_time":"2025-04-07T15:09:38+00:00","twitter_card":"summary_large_image","twitter_misc":{"Dur\u00e9e de lecture estim\u00e9e":"2 minutes"},"schema":{"@context":"https:\/\/schema.org","@graph":[{"@type":"WebPage","@id":"https:\/\/www.hbs-sa.com\/fr\/hbs-filiales-internationales\/","url":"https:\/\/www.hbs-sa.com\/fr\/hbs-filiales-internationales\/","name":"Filiales internationales - HBS Family Office et Gestion de Patrimoine","isPartOf":{"@id":"https:\/\/www.hbs-sa.com\/en\/#website"},"datePublished":"2022-05-31T12:47:29+00:00","dateModified":"2025-04-07T15:09:38+00:00","description":"HBS \u00e0 l'international offre une strat\u00e9gie globale, et des bureaux \u00e0 Dubai et Londres pour une approche r\u00e9gionale en phase avec nos clients.","breadcrumb":{"@id":"https:\/\/www.hbs-sa.com\/fr\/hbs-filiales-internationales\/#breadcrumb"},"inLanguage":"fr-FR","potentialAction":[{"@type":"ReadAction","target":["https:\/\/www.hbs-sa.com\/fr\/hbs-filiales-internationales\/"]}]},{"@type":"BreadcrumbList","@id":"https:\/\/www.hbs-sa.com\/fr\/hbs-filiales-internationales\/#breadcrumb","itemListElement":[{"@type":"ListItem","position":1,"name":"Home","item":"https:\/\/www.hbs-sa.com\/fr\/"},{"@type":"ListItem","position":2,"name":"international"}]},{"@type":"WebSite","@id":"https:\/\/www.hbs-sa.com\/en\/#website","url":"https:\/\/www.hbs-sa.com\/en\/","name":"hbs","description":"","potentialAction":[{"@type":"SearchAction","target":{"@type":"EntryPoint","urlTemplate":"https:\/\/www.hbs-sa.com\/en\/?s={search_term_string}"},"query-input":{"@type":"PropertyValueSpecification","valueRequired":true,"valueName":"search_term_string"}}],"inLanguage":"fr-FR"}]}},"_links":{"self":[{"href":"https:\/\/www.hbs-sa.com\/fr\/wp-json\/wp\/v2\/pages\/3112","targetHints":{"allow":["GET"]}}],"collection":[{"href":"https:\/\/www.hbs-sa.com\/fr\/wp-json\/wp\/v2\/pages"}],"about":[{"href":"https:\/\/www.hbs-sa.com\/fr\/wp-json\/wp\/v2\/types\/page"}],"author":[{"embeddable":true,"href":"https:\/\/www.hbs-sa.com\/fr\/wp-json\/wp\/v2\/users\/1"}],"replies":[{"embeddable":true,"href":"https:\/\/www.hbs-sa.com\/fr\/wp-json\/wp\/v2\/comments?post=3112"}],"version-history":[{"count":8,"href":"https:\/\/www.hbs-sa.com\/fr\/wp-json\/wp\/v2\/pages\/3112\/revisions"}],"predecessor-version":[{"id":3640,"href":"https:\/\/www.hbs-sa.com\/fr\/wp-json\/wp\/v2\/pages\/3112\/revisions\/3640"}],"wp:attachment":[{"href":"https:\/\/www.hbs-sa.com\/fr\/wp-json\/wp\/v2\/media?parent=3112"}],"curies":[{"name":"wp","href":"https:\/\/api.w.org\/{rel}","templated":true}]}}