{"id":431,"date":"2015-02-22T19:55:57","date_gmt":"2015-02-22T19:55:57","guid":{"rendered":"http:\/\/wp\/enfold-medium-business\/?page_id=11"},"modified":"2025-04-07T17:09:37","modified_gmt":"2025-04-07T15:09:37","slug":"home","status":"publish","type":"page","link":"https:\/\/www.hbs-sa.com\/fr\/","title":{"rendered":"accueil"},"content":{"rendered":"\n<style type=\"text\/css\" data-created_by=\"avia_inline_auto\" id=\"style-css-av-1q78zj-81d3fc4e175ee198ea53bbfabd315056\">\n.avia-section.av-1q78zj-81d3fc4e175ee198ea53bbfabd315056{\nbackground-repeat:no-repeat;\nbackground-image:url(https:\/\/www.hbs-sa.com\/wp-content\/uploads\/2015\/02\/main.jpg);\nbackground-position:50% 0%;\nbackground-attachment:scroll;\n}\n<\/style>\n<div id='av_section_1'  class='avia-section av-1q78zj-81d3fc4e175ee198ea53bbfabd315056 main_color avia-section-no-padding avia-no-border-styling  avia-builder-el-0  el_before_av_section  avia-builder-el-first  avia-full-stretch avia-bg-style-scroll av-minimum-height av-minimum-height-custom av-height-custom  container_wrap fullsize'  data-section-bg-repeat='stretch' data-av_minimum_height_px='500'><div class='container av-section-cont-open' style='height:500px'><main  role=\"main\" itemprop=\"mainContentOfPage\"  class='template-page content  av-content-full alpha units'><div class='post-entry post-entry-type-page post-entry-431'><div class='entry-content-wrapper clearfix'>\n<\/div><\/div><\/main><!-- close content main element --><\/div><\/div>\n<style type=\"text\/css\" data-created_by=\"avia_inline_auto\" id=\"style-css-av-1kiytj-3865b4f6d53589a64a270d29668a6622\">\n.avia-section.av-1kiytj-3865b4f6d53589a64a270d29668a6622{\nbackground-color:#424242;\nbackground-image:unset;\n}\n<\/style>\n<div id='av_section_2'  class='avia-section av-1kiytj-3865b4f6d53589a64a270d29668a6622 main_color avia-section-small avia-no-border-styling  avia-builder-el-1  el_after_av_section  el_before_av_section  avia-bg-style-scroll container_wrap fullsize'  ><div class='container av-section-cont-open' ><div class='template-page content  av-content-full alpha units'><div class='post-entry post-entry-type-page post-entry-431'><div class='entry-content-wrapper clearfix'>\n\n<style type=\"text\/css\" data-created_by=\"avia_inline_auto\" id=\"style-css-av-1cvqn3-b6a0f9b012ca53be0f115b3e59dc9e8a\">\n.flex_column.av-1cvqn3-b6a0f9b012ca53be0f115b3e59dc9e8a{\nborder-radius:0px 0px 0px 0px;\npadding:0px 0px 0px 0px;\n}\n<\/style>\n<div  class='flex_column av-1cvqn3-b6a0f9b012ca53be0f115b3e59dc9e8a av_one_full  avia-builder-el-2  avia-builder-el-no-sibling  first flex_column_div  '     ><style type=\"text\/css\" data-created_by=\"avia_inline_auto\" id=\"style-css-av-17m493-88e90a2e6d8b9109a18f66f72b531e5e\">\n#top .av-special-heading.av-17m493-88e90a2e6d8b9109a18f66f72b531e5e{\npadding-bottom:0;\ncolor:#ffffff;\n}\nbody .av-special-heading.av-17m493-88e90a2e6d8b9109a18f66f72b531e5e .av-special-heading-tag .heading-char{\nfont-size:25px;\n}\n.av-special-heading.av-17m493-88e90a2e6d8b9109a18f66f72b531e5e .special-heading-inner-border{\nborder-color:#ffffff;\n}\n.av-special-heading.av-17m493-88e90a2e6d8b9109a18f66f72b531e5e .av-subheading{\nfont-size:24px;\n}\n<\/style>\n<div  class='av-special-heading av-17m493-88e90a2e6d8b9109a18f66f72b531e5e av-special-heading-h1 custom-color-heading blockquote modern-quote  avia-builder-el-3  avia-builder-el-no-sibling '><h1 class='av-special-heading-tag '  itemprop=\"headline\"  >hbs family office<\/h1><div class=\"special-heading-border\"><div class=\"special-heading-inner-border\"><\/div><\/div><\/div><\/div>\n\n<\/div><\/div><\/div><!-- close content main div --><\/div><\/div><div id='home-section'  class='avia-section av-13k0zr-d0138ce0363a9733994b08f23d3144db alternate_color avia-section-huge avia-no-border-styling  avia-builder-el-4  el_after_av_section  avia-builder-el-last  avia-bg-style-scroll container_wrap fullsize'  ><div class='container av-section-cont-open' ><div class='template-page content  av-content-full alpha units'><div class='post-entry post-entry-type-page post-entry-431'><div class='entry-content-wrapper clearfix'>\n<div  class='flex_column av-yzms7-5193fd40ba8074149c3cffa83d65cc19 av_one_third  avia-builder-el-5  el_before_av_one_third  avia-builder-el-first  first flex_column_div  '     ><section  class='av_textblock_section av-2pdqf-78dd10e009fd3a92cbf95a3cb8f8058b '   itemscope=\"itemscope\" itemtype=\"https:\/\/schema.org\/CreativeWork\" ><div class='avia_textblock'  itemprop=\"text\" ><h3 class=\"separator\"><a href=\"http:\/\/www.hbs-sa.com\/fr\/profile\/\">PROFIL<\/a><\/h3>\n<p><strong>hbs<\/strong> a pour vocation l\u2019administration et la gestion de patrimoines familiaux. Nous sommes ind\u00e9pendants et administrons vos actifs dans le respect scrupuleux de votre philosophie et de vos objectifs. Nous apportons une qualit\u00e9 \u00e9lev\u00e9e de services diversifi\u00e9s, vous permettant de vous consacrer pleinement aux activit\u00e9s les plus importantes \u00e0 vos yeux.<\/p>\n<p><a href=\"http:\/\/www.hbs-sa.com\/fr\/profile\/\">En savoir plus&#8230;<\/a><\/p>\n<\/div><\/section><\/div>\n<style type=\"text\/css\" data-created_by=\"avia_inline_auto\" id=\"style-css-av-k38lj-1daf2e34b1e99f0e26e23fe01914e65b\">\n.flex_column.av-k38lj-1daf2e34b1e99f0e26e23fe01914e65b{\nborder-radius:0px 0px 0px 0px;\npadding:0px 0px 0px 0px;\n}\n<\/style>\n<div  class='flex_column av-k38lj-1daf2e34b1e99f0e26e23fe01914e65b av_one_third  avia-builder-el-7  el_after_av_one_third  el_before_av_one_third  flex_column_div av-zero-column-padding  '     ><section  class='av_textblock_section av-fcwnj-751b9e901aec4ad7fdee6d41ec6611d2 '   itemscope=\"itemscope\" itemtype=\"https:\/\/schema.org\/CreativeWork\" ><div class='avia_textblock'  itemprop=\"text\" ><h3 class=\"separator\"><a href=\"http:\/\/www.hbs-sa.com\/fr\/services\/\">SERVICES<\/a><\/h3>\n<p>Notre mission est de vous aider \u00e0 g\u00e9rer et d\u00e9velopper votre patrimoine dans un souci permanent de performance et de s\u00e9curit\u00e9. Apr\u00e8s une analyse approfondie, nos experts vous proposent des solutions pour l&rsquo;administration de votre patrimoine, la gestion de vos investissements et les questions\u00a0juridiques et fiscales, en privil\u00e9giant toujours votre int\u00e9r\u00eat et celui de votre famille.<\/p>\n<p><a href=\"http:\/\/www.hbs-sa.com\/fr\/services\/\">En savoir plus&#8230;<\/a><\/p>\n<\/div><\/section><\/div>\n<style type=\"text\/css\" data-created_by=\"avia_inline_auto\" id=\"style-css-av-8zoc7-614e2b56afe20a788bfc2b596d381998\">\n.flex_column.av-8zoc7-614e2b56afe20a788bfc2b596d381998{\nborder-radius:0px 0px 0px 0px;\npadding:0px 0px 0px 0px;\n}\n<\/style>\n<div  class='flex_column av-8zoc7-614e2b56afe20a788bfc2b596d381998 av_one_third  avia-builder-el-9  el_after_av_one_third  avia-builder-el-last  flex_column_div av-zero-column-padding  '     ><section  class='av_textblock_section av-jxlye41w-c13c3983ccb5de5dd5b2b80329cfd04b '   itemscope=\"itemscope\" itemtype=\"https:\/\/schema.org\/CreativeWork\" ><div class='avia_textblock'  itemprop=\"text\" ><h3 class=\"separator\"><a href=\"http:\/\/www.hbs-sa.com\/fr\/approach\/\">APPROCHE<\/a><\/h3>\n<p>Vous appr\u00e9cierez la qualit\u00e9 des relations avec nos conseillers, leur disponibilit\u00e9 et la simplicit\u00e9 des processus. Vous b\u00e9n\u00e9ficierez d&rsquo;un r\u00e9seau de sp\u00e9cialistes internationaux et d&rsquo;un contr\u00f4le total sur les op\u00e9rations que nous effectuons pour vous. Depuis notre bureau de Gen\u00e8ve nous sommes au c\u0153ur de l\u2019Europe et toujours \u00e0 vos c\u00f4t\u00e9s.<\/p>\n<p><a href=\"http:\/\/www.hbs-sa.com\/fr\/approach\/\">En savoir plus&#8230;<\/a><\/p>\n<\/div><\/section><\/div>\n","protected":false},"excerpt":{"rendered":"","protected":false},"author":1,"featured_media":0,"parent":0,"menu_order":0,"comment_status":"closed","ping_status":"open","template":"","meta":{"footnotes":""},"class_list":["post-431","page","type-page","status-publish","hentry"],"yoast_head":"<!-- This site is optimized with the Yoast SEO plugin v25.0 - https:\/\/yoast.com\/wordpress\/plugins\/seo\/ -->\n<title>HBS - Family Office<\/title>\n<meta name=\"description\" content=\"HBS est un multi-Family Office ind\u00e9pendant bas\u00e9 \u00e0 Gen\u00e8ve, offrant des services d&#039;administration, de gestion de patrimoine et de support juridique et fiscal.\" \/>\n<meta name=\"robots\" content=\"index, follow, max-snippet:-1, max-image-preview:large, max-video-preview:-1\" \/>\n<link rel=\"canonical\" href=\"https:\/\/www.hbs-sa.com\/fr\/\" \/>\n<meta property=\"og:locale\" content=\"fr_FR\" \/>\n<meta property=\"og:type\" content=\"article\" \/>\n<meta property=\"og:title\" content=\"HBS - Family Office\" \/>\n<meta property=\"og:description\" content=\"HBS est un multi-Family Office ind\u00e9pendant bas\u00e9 \u00e0 Gen\u00e8ve, offrant des services d&#039;administration, de gestion de patrimoine et de support juridique et fiscal.\" \/>\n<meta property=\"og:url\" content=\"https:\/\/www.hbs-sa.com\/fr\/\" \/>\n<meta property=\"og:site_name\" content=\"hbs\" \/>\n<meta property=\"article:modified_time\" content=\"2025-04-07T15:09:37+00:00\" \/>\n<meta name=\"twitter:card\" content=\"summary_large_image\" \/>\n<meta name=\"twitter:label1\" content=\"Dur\u00e9e de lecture estim\u00e9e\" \/>\n\t<meta name=\"twitter:data1\" content=\"2 minutes\" \/>\n<script type=\"application\/ld+json\" class=\"yoast-schema-graph\">{\"@context\":\"https:\/\/schema.org\",\"@graph\":[{\"@type\":\"WebPage\",\"@id\":\"https:\/\/www.hbs-sa.com\/fr\/\",\"url\":\"https:\/\/www.hbs-sa.com\/fr\/\",\"name\":\"HBS - Family Office\",\"isPartOf\":{\"@id\":\"https:\/\/www.hbs-sa.com\/en\/#website\"},\"datePublished\":\"2015-02-22T19:55:57+00:00\",\"dateModified\":\"2025-04-07T15:09:37+00:00\",\"description\":\"HBS est un multi-Family Office ind\u00e9pendant bas\u00e9 \u00e0 Gen\u00e8ve, offrant des services d'administration, de gestion de patrimoine et de support juridique et fiscal.\",\"breadcrumb\":{\"@id\":\"https:\/\/www.hbs-sa.com\/fr\/#breadcrumb\"},\"inLanguage\":\"fr-FR\",\"potentialAction\":[{\"@type\":\"ReadAction\",\"target\":[\"https:\/\/www.hbs-sa.com\/fr\/\"]}]},{\"@type\":\"BreadcrumbList\",\"@id\":\"https:\/\/www.hbs-sa.com\/fr\/#breadcrumb\",\"itemListElement\":[{\"@type\":\"ListItem\",\"position\":1,\"name\":\"Home\",\"item\":\"https:\/\/www.hbs-sa.com\/fr\/\"},{\"@type\":\"ListItem\",\"position\":2,\"name\":\"accueil\"}]},{\"@type\":\"WebSite\",\"@id\":\"https:\/\/www.hbs-sa.com\/en\/#website\",\"url\":\"https:\/\/www.hbs-sa.com\/en\/\",\"name\":\"hbs\",\"description\":\"\",\"potentialAction\":[{\"@type\":\"SearchAction\",\"target\":{\"@type\":\"EntryPoint\",\"urlTemplate\":\"https:\/\/www.hbs-sa.com\/en\/?s={search_term_string}\"},\"query-input\":{\"@type\":\"PropertyValueSpecification\",\"valueRequired\":true,\"valueName\":\"search_term_string\"}}],\"inLanguage\":\"fr-FR\"}]}<\/script>\n<!-- \/ Yoast SEO plugin. -->","yoast_head_json":{"title":"HBS - Family Office","description":"HBS est un multi-Family Office ind\u00e9pendant bas\u00e9 \u00e0 Gen\u00e8ve, offrant des services d'administration, de gestion de patrimoine et de support juridique et fiscal.","robots":{"index":"index","follow":"follow","max-snippet":"max-snippet:-1","max-image-preview":"max-image-preview:large","max-video-preview":"max-video-preview:-1"},"canonical":"https:\/\/www.hbs-sa.com\/fr\/","og_locale":"fr_FR","og_type":"article","og_title":"HBS - Family Office","og_description":"HBS est un multi-Family Office ind\u00e9pendant bas\u00e9 \u00e0 Gen\u00e8ve, offrant des services d'administration, de gestion de patrimoine et de support juridique et fiscal.","og_url":"https:\/\/www.hbs-sa.com\/fr\/","og_site_name":"hbs","article_modified_time":"2025-04-07T15:09:37+00:00","twitter_card":"summary_large_image","twitter_misc":{"Dur\u00e9e de lecture estim\u00e9e":"2 minutes"},"schema":{"@context":"https:\/\/schema.org","@graph":[{"@type":"WebPage","@id":"https:\/\/www.hbs-sa.com\/fr\/","url":"https:\/\/www.hbs-sa.com\/fr\/","name":"HBS - Family Office","isPartOf":{"@id":"https:\/\/www.hbs-sa.com\/en\/#website"},"datePublished":"2015-02-22T19:55:57+00:00","dateModified":"2025-04-07T15:09:37+00:00","description":"HBS est un multi-Family Office ind\u00e9pendant bas\u00e9 \u00e0 Gen\u00e8ve, offrant des services d'administration, de gestion de patrimoine et de support juridique et fiscal.","breadcrumb":{"@id":"https:\/\/www.hbs-sa.com\/fr\/#breadcrumb"},"inLanguage":"fr-FR","potentialAction":[{"@type":"ReadAction","target":["https:\/\/www.hbs-sa.com\/fr\/"]}]},{"@type":"BreadcrumbList","@id":"https:\/\/www.hbs-sa.com\/fr\/#breadcrumb","itemListElement":[{"@type":"ListItem","position":1,"name":"Home","item":"https:\/\/www.hbs-sa.com\/fr\/"},{"@type":"ListItem","position":2,"name":"accueil"}]},{"@type":"WebSite","@id":"https:\/\/www.hbs-sa.com\/en\/#website","url":"https:\/\/www.hbs-sa.com\/en\/","name":"hbs","description":"","potentialAction":[{"@type":"SearchAction","target":{"@type":"EntryPoint","urlTemplate":"https:\/\/www.hbs-sa.com\/en\/?s={search_term_string}"},"query-input":{"@type":"PropertyValueSpecification","valueRequired":true,"valueName":"search_term_string"}}],"inLanguage":"fr-FR"}]}},"_links":{"self":[{"href":"https:\/\/www.hbs-sa.com\/fr\/wp-json\/wp\/v2\/pages\/431","targetHints":{"allow":["GET"]}}],"collection":[{"href":"https:\/\/www.hbs-sa.com\/fr\/wp-json\/wp\/v2\/pages"}],"about":[{"href":"https:\/\/www.hbs-sa.com\/fr\/wp-json\/wp\/v2\/types\/page"}],"author":[{"embeddable":true,"href":"https:\/\/www.hbs-sa.com\/fr\/wp-json\/wp\/v2\/users\/1"}],"replies":[{"embeddable":true,"href":"https:\/\/www.hbs-sa.com\/fr\/wp-json\/wp\/v2\/comments?post=431"}],"version-history":[{"count":2,"href":"https:\/\/www.hbs-sa.com\/fr\/wp-json\/wp\/v2\/pages\/431\/revisions"}],"predecessor-version":[{"id":3617,"href":"https:\/\/www.hbs-sa.com\/fr\/wp-json\/wp\/v2\/pages\/431\/revisions\/3617"}],"wp:attachment":[{"href":"https:\/\/www.hbs-sa.com\/fr\/wp-json\/wp\/v2\/media?parent=431"}],"curies":[{"name":"wp","href":"https:\/\/api.w.org\/{rel}","templated":true}]}}