{"id":539,"date":"2015-07-01T15:24:14","date_gmt":"2015-07-01T13:24:14","guid":{"rendered":"http:\/\/www.hbs-sa.com\/?page_id=539"},"modified":"2025-04-07T17:09:40","modified_gmt":"2025-04-07T15:09:40","slug":"services","status":"publish","type":"page","link":"https:\/\/www.hbs-sa.com\/fr\/services\/","title":{"rendered":"services"},"content":{"rendered":"<div id='av_section_1'  class='avia-section av-av_section-773bb6d9525119f457c9934c85c049cb alternate_color avia-section-large avia-no-border-styling  avia-builder-el-0  el_before_av_section  avia-builder-el-first  avia-bg-style-scroll container_wrap fullsize'  ><div class='container av-section-cont-open' ><main  role=\"main\" itemprop=\"mainContentOfPage\"  class='template-page content  av-content-full alpha units'><div class='post-entry post-entry-type-page post-entry-539'><div class='entry-content-wrapper clearfix'>\n\n<style type=\"text\/css\" data-created_by=\"avia_inline_auto\" id=\"style-css-av-av_one_full-2d47f9ce0b00fd05718d1ec4779473a2\">\n.flex_column.av-av_one_full-2d47f9ce0b00fd05718d1ec4779473a2{\nborder-radius:0px 0px 0px 0px;\npadding:0px 0px 0px 0px;\n}\n<\/style>\n<div  class='flex_column av-av_one_full-2d47f9ce0b00fd05718d1ec4779473a2 av_one_full  avia-builder-el-1  avia-builder-el-no-sibling  first flex_column_div av-zero-column-padding  '     ><p>\n<style type=\"text\/css\" data-created_by=\"avia_inline_auto\" id=\"style-css-av-av_heading-23bf0ac7682f281beabda9e91c47d18e\">\n#top .av-special-heading.av-av_heading-23bf0ac7682f281beabda9e91c47d18e{\npadding-bottom:32px;\ncolor:#ffffff;\nfont-size:40px;\n}\nbody .av-special-heading.av-av_heading-23bf0ac7682f281beabda9e91c47d18e .av-special-heading-tag .heading-char{\nfont-size:25px;\n}\n#top #wrap_all .av-special-heading.av-av_heading-23bf0ac7682f281beabda9e91c47d18e .av-special-heading-tag{\nfont-size:40px;\n}\n.av-special-heading.av-av_heading-23bf0ac7682f281beabda9e91c47d18e .special-heading-inner-border{\nborder-color:#ffffff;\n}\n.av-special-heading.av-av_heading-23bf0ac7682f281beabda9e91c47d18e .av-subheading{\nfont-size:15px;\n}\n\n@media only screen and (min-width: 480px) and (max-width: 767px){ \n#top #wrap_all .av-special-heading.av-av_heading-23bf0ac7682f281beabda9e91c47d18e .av-special-heading-tag{\nfont-size:0.8em;\n}\n}\n\n@media only screen and (max-width: 479px){ \n#top #wrap_all .av-special-heading.av-av_heading-23bf0ac7682f281beabda9e91c47d18e .av-special-heading-tag{\nfont-size:0.8em;\n}\n}\n<\/style>\n<div  class='av-special-heading av-av_heading-23bf0ac7682f281beabda9e91c47d18e av-special-heading-h1 custom-color-heading blockquote modern-quote  avia-builder-el-2  el_before_av_hr  avia-builder-el-first  av-inherit-size'><h1 class='av-special-heading-tag '  itemprop=\"headline\"  >INTELLIGENCE PATRIMONIALE<\/h1><div class=\"special-heading-border\"><div class=\"special-heading-inner-border\"><\/div><\/div><\/div><br \/>\n\n<style type=\"text\/css\" data-created_by=\"avia_inline_auto\" id=\"style-css-av-av_hr-f28f84159071b1def4e0e8f14d09d901\">\n#top .hr.hr-invisible.av-av_hr-f28f84159071b1def4e0e8f14d09d901{\nmargin-top:-5px;\nheight:1px;\n}\n<\/style>\n<div  class='hr av-av_hr-f28f84159071b1def4e0e8f14d09d901 hr-invisible  avia-builder-el-3  el_after_av_heading  el_before_av_textblock '><span class='hr-inner '><span class=\"hr-inner-style\"><\/span><\/span><\/div><br \/>\n\n<style type=\"text\/css\" data-created_by=\"avia_inline_auto\" id=\"style-css-av-av_textblock-c2ffa884769cb737b31743eed1e60696\">\n#top .av_textblock_section.av-av_textblock-c2ffa884769cb737b31743eed1e60696 .avia_textblock{\nfont-size:18px;\ncolor:#ffffff;\n}\n<\/style>\n<section  class='av_textblock_section av-av_textblock-c2ffa884769cb737b31743eed1e60696 '   itemscope=\"itemscope\" itemtype=\"https:\/\/schema.org\/CreativeWork\" ><div class='avia_textblock av_inherit_color'  itemprop=\"text\" ><p>Nous aidons nos clients \u00e0 organiser leur\u00a0patrimoine afin d&rsquo;en favoriser le d\u00e9veloppement et la p\u00e9rennit\u00e9. Nous nous appuyons sur une analyse compl\u00e8te et objective de leurs avoirs. Nous en assurons l&rsquo;administration et garantissons un contr\u00f4le rigoureux des op\u00e9rations. Nous agissons dans le seul int\u00e9r\u00eat de nos\u00a0clients.<\/p>\n<\/div><\/section><\/p><\/div>\n\n<\/div><\/div><\/main><!-- close content main element --><\/div><\/div>\n<style type=\"text\/css\" data-created_by=\"avia_inline_auto\" id=\"style-css-av-av_section-e8c8974ed415b164843403e7ca5c4bb9\">\n.avia-section.av-av_section-e8c8974ed415b164843403e7ca5c4bb9{\nbackground-color:#f6f6f6;\nbackground-image:unset;\n}\n<\/style>\n<div id='av_section_2'  class='avia-section av-av_section-e8c8974ed415b164843403e7ca5c4bb9 main_color avia-section-huge avia-no-border-styling  avia-builder-el-5  el_after_av_section  avia-builder-el-last  avia-bg-style-scroll container_wrap fullsize'  ><div class='container av-section-cont-open' ><div class='template-page content  av-content-full alpha units'><div class='post-entry post-entry-type-page post-entry-539'><div class='entry-content-wrapper clearfix'>\n\n<style type=\"text\/css\" data-created_by=\"avia_inline_auto\" id=\"style-css-av-av_one_third-352b07ef7d3bc99b2e9f92e7a9e06bdb\">\n.flex_column.av-av_one_third-352b07ef7d3bc99b2e9f92e7a9e06bdb{\nborder-radius:0px 0px 0px 0px;\npadding:0px 0px 0px 0px;\n}\n<\/style>\n<div  class='flex_column av-av_one_third-352b07ef7d3bc99b2e9f92e7a9e06bdb av_one_third  avia-builder-el-6  el_before_av_one_third  avia-builder-el-first  first flex_column_div av-zero-column-padding  '     ><p>\n<style type=\"text\/css\" data-created_by=\"avia_inline_auto\" id=\"style-css-av-jya09izh-be298c728129a5822a373b8ad332901b\">\n.avia-image-container.av-jya09izh-be298c728129a5822a373b8ad332901b img.avia_image{\nbox-shadow:none;\n}\n.avia-image-container.av-jya09izh-be298c728129a5822a373b8ad332901b .av-image-caption-overlay-center{\ncolor:#ffffff;\n}\n<\/style>\n<div  class='avia-image-container av-jya09izh-be298c728129a5822a373b8ad332901b av-styling- av-hover-grow av-img-linked avia-align-left  avia-builder-el-7  el_before_av_hr  avia-builder-el-first '   itemprop=\"image\" itemscope=\"itemscope\" itemtype=\"https:\/\/schema.org\/ImageObject\" ><div class=\"avia-image-container-inner\"><div class=\"avia-image-overlay-wrap\"><a href=\"https:\/\/www.hbs-sa.com\/fr\/services\/family-office\/\" class='avia_image '  aria-label='juridique_500'><img decoding=\"async\" fetchpriority=\"high\" class='wp-image-1353 avia-img-lazy-loading-not-1353 avia_image ' src=\"https:\/\/www.hbs-sa.com\/wp-content\/uploads\/2015\/07\/juridique_500.jpg\" alt='' title='juridique_500'  height=\"333\" width=\"500\"  itemprop=\"thumbnailUrl\" srcset=\"https:\/\/www.hbs-sa.com\/wp-content\/uploads\/2015\/07\/juridique_500.jpg 500w, https:\/\/www.hbs-sa.com\/wp-content\/uploads\/2015\/07\/juridique_500-300x200.jpg 300w, https:\/\/www.hbs-sa.com\/wp-content\/uploads\/2015\/07\/juridique_500-450x300.jpg 450w\" sizes=\"(max-width: 500px) 100vw, 500px\" \/><\/a><\/div><\/div><\/div><br \/>\n\n<style type=\"text\/css\" data-created_by=\"avia_inline_auto\" id=\"style-css-av-av_hr-a6de236e6c183bbbd700292deacd2b52\">\n#top .hr.hr-invisible.av-av_hr-a6de236e6c183bbbd700292deacd2b52{\nheight:20px;\n}\n<\/style>\n<div  class='hr av-av_hr-a6de236e6c183bbbd700292deacd2b52 hr-invisible  avia-builder-el-8  el_after_av_image  el_before_av_textblock '><span class='hr-inner '><span class=\"hr-inner-style\"><\/span><\/span><\/div><br \/>\n<section  class='av_textblock_section av-jya0avbw-a8c95fabec1b44c3f7178ead922c62be '   itemscope=\"itemscope\" itemtype=\"https:\/\/schema.org\/CreativeWork\" ><div class='avia_textblock'  itemprop=\"text\" ><h3><a href=\"https:\/\/www.hbs-sa.com\/fr\/services\/family-office\/\">Family office<\/a><\/h3>\n<p>Des services administratifs li\u00e9s aux besoins quotidiens de gestion familiale. Des solutions de protection, d\u2019optimisation et de transmission de vos avoirs.<\/p>\n<\/div><\/section><\/p><\/div>\n<style type=\"text\/css\" data-created_by=\"avia_inline_auto\" id=\"style-css-av-av_one_third-2a64de42b738552fe666ca889af77e28\">\n.flex_column.av-av_one_third-2a64de42b738552fe666ca889af77e28{\nborder-radius:0px 0px 0px 0px;\npadding:0px 0px 0px 0px;\n}\n<\/style>\n<div  class='flex_column av-av_one_third-2a64de42b738552fe666ca889af77e28 av_one_third  avia-builder-el-10  el_after_av_one_third  avia-builder-el-last  flex_column_div av-zero-column-padding  '     ><p>\n<style type=\"text\/css\" data-created_by=\"avia_inline_auto\" id=\"style-css-av-jya0dlnd-9e7d401dc75a04e842952d3d8cef4862\">\n.avia-image-container.av-jya0dlnd-9e7d401dc75a04e842952d3d8cef4862 img.avia_image{\nbox-shadow:none;\n}\n.avia-image-container.av-jya0dlnd-9e7d401dc75a04e842952d3d8cef4862 .av-image-caption-overlay-center{\ncolor:#ffffff;\n}\n<\/style>\n<div  class='avia-image-container av-jya0dlnd-9e7d401dc75a04e842952d3d8cef4862 av-styling- av-hover-grow av-img-linked avia-align-left  avia-builder-el-11  el_before_av_hr  avia-builder-el-first '   itemprop=\"image\" itemscope=\"itemscope\" itemtype=\"https:\/\/schema.org\/ImageObject\" ><div class=\"avia-image-container-inner\"><div class=\"avia-image-overlay-wrap\"><a href=\"https:\/\/www.hbs-sa.com\/fr\/services\/investments\/\" class='avia_image '  aria-label='gestion_500'><img decoding=\"async\" fetchpriority=\"high\" class='wp-image-1351 avia-img-lazy-loading-not-1351 avia_image ' src=\"https:\/\/www.hbs-sa.com\/wp-content\/uploads\/2015\/07\/gestion_500.jpg\" alt='' title='gestion_500'  height=\"333\" width=\"500\"  itemprop=\"thumbnailUrl\" srcset=\"https:\/\/www.hbs-sa.com\/wp-content\/uploads\/2015\/07\/gestion_500.jpg 500w, https:\/\/www.hbs-sa.com\/wp-content\/uploads\/2015\/07\/gestion_500-300x200.jpg 300w, https:\/\/www.hbs-sa.com\/wp-content\/uploads\/2015\/07\/gestion_500-450x300.jpg 450w\" sizes=\"(max-width: 500px) 100vw, 500px\" \/><\/a><\/div><\/div><\/div><br \/>\n\n<style type=\"text\/css\" data-created_by=\"avia_inline_auto\" id=\"style-css-av-av_hr-a6de236e6c183bbbd700292deacd2b52\">\n#top .hr.hr-invisible.av-av_hr-a6de236e6c183bbbd700292deacd2b52{\nheight:20px;\n}\n<\/style>\n<div  class='hr av-av_hr-a6de236e6c183bbbd700292deacd2b52 hr-invisible  avia-builder-el-12  el_after_av_image  el_before_av_textblock '><span class='hr-inner '><span class=\"hr-inner-style\"><\/span><\/span><\/div><br \/>\n<section  class='av_textblock_section av-jya0eq6q-cc21701fff27fcb1803b770174f13a6c '   itemscope=\"itemscope\" itemtype=\"https:\/\/schema.org\/CreativeWork\" ><div class='avia_textblock'  itemprop=\"text\" ><h3><a href=\"https:\/\/www.hbs-sa.com\/fr\/services\/investments\/\">Gestion de patrimoine<\/a><\/h3>\n<p>Des strat\u00e9gies globales pour une croissance s\u00e9curis\u00e9e et dynamique de votre patrimoine.<\/p>\n<\/div><\/section><\/p><\/div>\n","protected":false},"excerpt":{"rendered":"","protected":false},"author":1,"featured_media":0,"parent":0,"menu_order":0,"comment_status":"closed","ping_status":"open","template":"","meta":{"footnotes":""},"class_list":["post-539","page","type-page","status-publish","hentry"],"yoast_head":"<!-- This site is optimized with the Yoast SEO plugin v25.0 - https:\/\/yoast.com\/wordpress\/plugins\/seo\/ -->\n<title>Service - HBS<\/title>\n<meta name=\"description\" content=\"Nous aidons nos clients \u00e0 d\u00e9velopper, p\u00e9r\u00e9niser et transmettre leur patrimoine : Administration, gestion patrimoniale, services juridiques et fiscaux.\" \/>\n<meta name=\"robots\" content=\"index, follow, max-snippet:-1, max-image-preview:large, max-video-preview:-1\" \/>\n<link rel=\"canonical\" href=\"https:\/\/www.hbs-sa.com\/fr\/services\/\" \/>\n<meta property=\"og:locale\" content=\"fr_FR\" \/>\n<meta property=\"og:type\" content=\"article\" \/>\n<meta property=\"og:title\" content=\"Service - HBS\" \/>\n<meta property=\"og:description\" content=\"Nous aidons nos clients \u00e0 d\u00e9velopper, p\u00e9r\u00e9niser et transmettre leur patrimoine : Administration, gestion patrimoniale, services juridiques et fiscaux.\" \/>\n<meta property=\"og:url\" content=\"https:\/\/www.hbs-sa.com\/fr\/services\/\" \/>\n<meta property=\"og:site_name\" content=\"hbs\" \/>\n<meta property=\"article:modified_time\" content=\"2025-04-07T15:09:40+00:00\" \/>\n<meta name=\"twitter:card\" content=\"summary_large_image\" \/>\n<meta name=\"twitter:label1\" content=\"Dur\u00e9e de lecture estim\u00e9e\" \/>\n\t<meta name=\"twitter:data1\" content=\"4 minutes\" \/>\n<script type=\"application\/ld+json\" class=\"yoast-schema-graph\">{\"@context\":\"https:\/\/schema.org\",\"@graph\":[{\"@type\":\"WebPage\",\"@id\":\"https:\/\/www.hbs-sa.com\/fr\/services\/\",\"url\":\"https:\/\/www.hbs-sa.com\/fr\/services\/\",\"name\":\"Service - HBS\",\"isPartOf\":{\"@id\":\"https:\/\/www.hbs-sa.com\/en\/#website\"},\"datePublished\":\"2015-07-01T13:24:14+00:00\",\"dateModified\":\"2025-04-07T15:09:40+00:00\",\"description\":\"Nous aidons nos clients \u00e0 d\u00e9velopper, p\u00e9r\u00e9niser et transmettre leur patrimoine : Administration, gestion patrimoniale, services juridiques et fiscaux.\",\"breadcrumb\":{\"@id\":\"https:\/\/www.hbs-sa.com\/fr\/services\/#breadcrumb\"},\"inLanguage\":\"fr-FR\",\"potentialAction\":[{\"@type\":\"ReadAction\",\"target\":[\"https:\/\/www.hbs-sa.com\/fr\/services\/\"]}]},{\"@type\":\"BreadcrumbList\",\"@id\":\"https:\/\/www.hbs-sa.com\/fr\/services\/#breadcrumb\",\"itemListElement\":[{\"@type\":\"ListItem\",\"position\":1,\"name\":\"Home\",\"item\":\"https:\/\/www.hbs-sa.com\/fr\/\"},{\"@type\":\"ListItem\",\"position\":2,\"name\":\"services\"}]},{\"@type\":\"WebSite\",\"@id\":\"https:\/\/www.hbs-sa.com\/en\/#website\",\"url\":\"https:\/\/www.hbs-sa.com\/en\/\",\"name\":\"hbs\",\"description\":\"\",\"potentialAction\":[{\"@type\":\"SearchAction\",\"target\":{\"@type\":\"EntryPoint\",\"urlTemplate\":\"https:\/\/www.hbs-sa.com\/en\/?s={search_term_string}\"},\"query-input\":{\"@type\":\"PropertyValueSpecification\",\"valueRequired\":true,\"valueName\":\"search_term_string\"}}],\"inLanguage\":\"fr-FR\"}]}<\/script>\n<!-- \/ Yoast SEO plugin. -->","yoast_head_json":{"title":"Service - HBS","description":"Nous aidons nos clients \u00e0 d\u00e9velopper, p\u00e9r\u00e9niser et transmettre leur patrimoine : Administration, gestion patrimoniale, services juridiques et fiscaux.","robots":{"index":"index","follow":"follow","max-snippet":"max-snippet:-1","max-image-preview":"max-image-preview:large","max-video-preview":"max-video-preview:-1"},"canonical":"https:\/\/www.hbs-sa.com\/fr\/services\/","og_locale":"fr_FR","og_type":"article","og_title":"Service - HBS","og_description":"Nous aidons nos clients \u00e0 d\u00e9velopper, p\u00e9r\u00e9niser et transmettre leur patrimoine : Administration, gestion patrimoniale, services juridiques et fiscaux.","og_url":"https:\/\/www.hbs-sa.com\/fr\/services\/","og_site_name":"hbs","article_modified_time":"2025-04-07T15:09:40+00:00","twitter_card":"summary_large_image","twitter_misc":{"Dur\u00e9e de lecture estim\u00e9e":"4 minutes"},"schema":{"@context":"https:\/\/schema.org","@graph":[{"@type":"WebPage","@id":"https:\/\/www.hbs-sa.com\/fr\/services\/","url":"https:\/\/www.hbs-sa.com\/fr\/services\/","name":"Service - HBS","isPartOf":{"@id":"https:\/\/www.hbs-sa.com\/en\/#website"},"datePublished":"2015-07-01T13:24:14+00:00","dateModified":"2025-04-07T15:09:40+00:00","description":"Nous aidons nos clients \u00e0 d\u00e9velopper, p\u00e9r\u00e9niser et transmettre leur patrimoine : Administration, gestion patrimoniale, services juridiques et fiscaux.","breadcrumb":{"@id":"https:\/\/www.hbs-sa.com\/fr\/services\/#breadcrumb"},"inLanguage":"fr-FR","potentialAction":[{"@type":"ReadAction","target":["https:\/\/www.hbs-sa.com\/fr\/services\/"]}]},{"@type":"BreadcrumbList","@id":"https:\/\/www.hbs-sa.com\/fr\/services\/#breadcrumb","itemListElement":[{"@type":"ListItem","position":1,"name":"Home","item":"https:\/\/www.hbs-sa.com\/fr\/"},{"@type":"ListItem","position":2,"name":"services"}]},{"@type":"WebSite","@id":"https:\/\/www.hbs-sa.com\/en\/#website","url":"https:\/\/www.hbs-sa.com\/en\/","name":"hbs","description":"","potentialAction":[{"@type":"SearchAction","target":{"@type":"EntryPoint","urlTemplate":"https:\/\/www.hbs-sa.com\/en\/?s={search_term_string}"},"query-input":{"@type":"PropertyValueSpecification","valueRequired":true,"valueName":"search_term_string"}}],"inLanguage":"fr-FR"}]}},"_links":{"self":[{"href":"https:\/\/www.hbs-sa.com\/fr\/wp-json\/wp\/v2\/pages\/539","targetHints":{"allow":["GET"]}}],"collection":[{"href":"https:\/\/www.hbs-sa.com\/fr\/wp-json\/wp\/v2\/pages"}],"about":[{"href":"https:\/\/www.hbs-sa.com\/fr\/wp-json\/wp\/v2\/types\/page"}],"author":[{"embeddable":true,"href":"https:\/\/www.hbs-sa.com\/fr\/wp-json\/wp\/v2\/users\/1"}],"replies":[{"embeddable":true,"href":"https:\/\/www.hbs-sa.com\/fr\/wp-json\/wp\/v2\/comments?post=539"}],"version-history":[{"count":1,"href":"https:\/\/www.hbs-sa.com\/fr\/wp-json\/wp\/v2\/pages\/539\/revisions"}],"predecessor-version":[{"id":3920,"href":"https:\/\/www.hbs-sa.com\/fr\/wp-json\/wp\/v2\/pages\/539\/revisions\/3920"}],"wp:attachment":[{"href":"https:\/\/www.hbs-sa.com\/fr\/wp-json\/wp\/v2\/media?parent=539"}],"curies":[{"name":"wp","href":"https:\/\/api.w.org\/{rel}","templated":true}]}}