{"id":541,"date":"2015-07-01T15:24:27","date_gmt":"2015-07-01T13:24:27","guid":{"rendered":"http:\/\/www.hbs-sa.com\/?page_id=541"},"modified":"2025-04-07T17:09:37","modified_gmt":"2025-04-07T15:09:37","slug":"approach","status":"publish","type":"page","link":"https:\/\/www.hbs-sa.com\/fr\/approach\/","title":{"rendered":"approche"},"content":{"rendered":"<div id='av_section_1'  class='avia-section av-av_section-773bb6d9525119f457c9934c85c049cb alternate_color avia-section-large avia-no-border-styling  avia-builder-el-0  el_before_av_section  avia-builder-el-first  avia-bg-style-scroll container_wrap fullsize'  ><div class='container av-section-cont-open' ><main  role=\"main\" itemprop=\"mainContentOfPage\"  class='template-page content  av-content-full alpha units'><div class='post-entry post-entry-type-page post-entry-541'><div class='entry-content-wrapper clearfix'>\n\n<style type=\"text\/css\" data-created_by=\"avia_inline_auto\" id=\"style-css-av-av_one_full-2d47f9ce0b00fd05718d1ec4779473a2\">\n.flex_column.av-av_one_full-2d47f9ce0b00fd05718d1ec4779473a2{\nborder-radius:0px 0px 0px 0px;\npadding:0px 0px 0px 0px;\n}\n<\/style>\n<div  class='flex_column av-av_one_full-2d47f9ce0b00fd05718d1ec4779473a2 av_one_full  avia-builder-el-1  avia-builder-el-no-sibling  first flex_column_div av-zero-column-padding  '     ><p>\n<style type=\"text\/css\" data-created_by=\"avia_inline_auto\" id=\"style-css-av-av_heading-312c83eb7e582d320c77f225479d5b64\">\n#top .av-special-heading.av-av_heading-312c83eb7e582d320c77f225479d5b64{\npadding-bottom:32px;\ncolor:#ffffff;\nfont-size:40px;\n}\nbody .av-special-heading.av-av_heading-312c83eb7e582d320c77f225479d5b64 .av-special-heading-tag .heading-char{\nfont-size:25px;\n}\n#top #wrap_all .av-special-heading.av-av_heading-312c83eb7e582d320c77f225479d5b64 .av-special-heading-tag{\nfont-size:40px;\n}\n.av-special-heading.av-av_heading-312c83eb7e582d320c77f225479d5b64 .special-heading-inner-border{\nborder-color:#ffffff;\n}\n.av-special-heading.av-av_heading-312c83eb7e582d320c77f225479d5b64 .av-subheading{\nfont-size:15px;\n}\n\n@media only screen and (min-width: 480px) and (max-width: 767px){ \n#top #wrap_all .av-special-heading.av-av_heading-312c83eb7e582d320c77f225479d5b64 .av-special-heading-tag{\nfont-size:0.8em;\n}\n}\n\n@media only screen and (max-width: 479px){ \n#top #wrap_all .av-special-heading.av-av_heading-312c83eb7e582d320c77f225479d5b64 .av-special-heading-tag{\nfont-size:0.8em;\n}\n}\n<\/style>\n<div  class='av-special-heading av-av_heading-312c83eb7e582d320c77f225479d5b64 av-special-heading-h1 custom-color-heading blockquote modern-quote  avia-builder-el-2  el_before_av_hr  avia-builder-el-first  av-inherit-size'><h1 class='av-special-heading-tag '  itemprop=\"headline\"  >SIMPLICIT\u00c9 ET TRANSPARENCE<\/h1><div class=\"special-heading-border\"><div class=\"special-heading-inner-border\"><\/div><\/div><\/div><br \/>\n\n<style type=\"text\/css\" data-created_by=\"avia_inline_auto\" id=\"style-css-av-av_hr-7d49cdff786ae154eea903594fd0a91b\">\n#top .hr.hr-invisible.av-av_hr-7d49cdff786ae154eea903594fd0a91b{\nmargin-top:-5px;\nheight:1px;\n}\n<\/style>\n<div  class='hr av-av_hr-7d49cdff786ae154eea903594fd0a91b hr-invisible  avia-builder-el-3  el_after_av_heading  el_before_av_textblock '><span class='hr-inner '><span class=\"hr-inner-style\"><\/span><\/span><\/div><br \/>\n\n<style type=\"text\/css\" data-created_by=\"avia_inline_auto\" id=\"style-css-av-av_textblock-c2ffa884769cb737b31743eed1e60696\">\n#top .av_textblock_section.av-av_textblock-c2ffa884769cb737b31743eed1e60696 .avia_textblock{\nfont-size:18px;\ncolor:#ffffff;\n}\n<\/style>\n<section  class='av_textblock_section av-av_textblock-c2ffa884769cb737b31743eed1e60696 '   itemscope=\"itemscope\" itemtype=\"https:\/\/schema.org\/CreativeWork\" ><div class='avia_textblock av_inherit_color'  itemprop=\"text\" ><p>Notre approche est bas\u00e9e sur des relations transparentes. Nous veillons \u00e0 offrir \u00e0 nos clients des proc\u00e9dures simples et une qualit\u00e9 de service irr\u00e9prochable, tout en garantissant des co\u00fbts ma\u00eetris\u00e9s. Nous nous engageons pleinement, \u00e0 chaque instant,\u00a0afin de construire une relation de confiance\u00a0\u00e0 long terme.<\/p>\n<\/div><\/section><\/p><\/div><\/div><\/div><\/main><!-- close content main element --><\/div><\/div>\n<style type=\"text\/css\" data-created_by=\"avia_inline_auto\" id=\"style-css-av-av_section-e8c8974ed415b164843403e7ca5c4bb9\">\n.avia-section.av-av_section-e8c8974ed415b164843403e7ca5c4bb9{\nbackground-color:#f6f6f6;\nbackground-image:unset;\n}\n<\/style>\n<div id='av_section_2'  class='avia-section av-av_section-e8c8974ed415b164843403e7ca5c4bb9 main_color avia-section-huge avia-no-border-styling  avia-builder-el-5  el_after_av_section  avia-builder-el-last  avia-bg-style-scroll container_wrap fullsize'  ><div class='container av-section-cont-open' ><div class='template-page content  av-content-full alpha units'><div class='post-entry post-entry-type-page post-entry-541'><div class='entry-content-wrapper clearfix'>\n\n<style type=\"text\/css\" data-created_by=\"avia_inline_auto\" id=\"style-css-av-av_one_third-352b07ef7d3bc99b2e9f92e7a9e06bdb\">\n.flex_column.av-av_one_third-352b07ef7d3bc99b2e9f92e7a9e06bdb{\nborder-radius:0px 0px 0px 0px;\npadding:0px 0px 0px 0px;\n}\n<\/style>\n<div  class='flex_column av-av_one_third-352b07ef7d3bc99b2e9f92e7a9e06bdb av_one_third  avia-builder-el-6  el_before_av_one_third  avia-builder-el-first  first flex_column_div av-zero-column-padding  '     ><p>\n<style type=\"text\/css\" data-created_by=\"avia_inline_auto\" id=\"style-css-av-av_image-7752a213089959de0ea8df8a45427fc0\">\n.avia-image-container.av-av_image-7752a213089959de0ea8df8a45427fc0 img.avia_image{\nbox-shadow:none;\n}\n.avia-image-container.av-av_image-7752a213089959de0ea8df8a45427fc0 .av-image-caption-overlay-center{\ncolor:#ffffff;\n}\n<\/style>\n<div  class='avia-image-container av-av_image-7752a213089959de0ea8df8a45427fc0 av-styling- av-hover-grow av-img-linked avia-align-left  avia-builder-el-7  el_before_av_hr  avia-builder-el-first '   itemprop=\"image\" itemscope=\"itemscope\" itemtype=\"https:\/\/schema.org\/ImageObject\" ><div class=\"avia-image-container-inner\"><div class=\"avia-image-overlay-wrap\"><a href=\"https:\/\/www.hbs-sa.com\/fr\/approach\/clients\/\" class='avia_image '  aria-label='tarifs_500'><img decoding=\"async\" fetchpriority=\"high\" class='wp-image-1358 avia-img-lazy-loading-not-1358 avia_image ' src=\"https:\/\/www.hbs-sa.com\/wp-content\/uploads\/2015\/07\/tarifs_500.jpg\" alt='' title='tarifs_500'  height=\"333\" width=\"500\"  itemprop=\"thumbnailUrl\" srcset=\"https:\/\/www.hbs-sa.com\/wp-content\/uploads\/2015\/07\/tarifs_500.jpg 500w, https:\/\/www.hbs-sa.com\/wp-content\/uploads\/2015\/07\/tarifs_500-300x200.jpg 300w, https:\/\/www.hbs-sa.com\/wp-content\/uploads\/2015\/07\/tarifs_500-450x300.jpg 450w\" sizes=\"(max-width: 500px) 100vw, 500px\" \/><\/a><\/div><\/div><\/div><br \/>\n\n<style type=\"text\/css\" data-created_by=\"avia_inline_auto\" id=\"style-css-av-av_hr-a6de236e6c183bbbd700292deacd2b52\">\n#top .hr.hr-invisible.av-av_hr-a6de236e6c183bbbd700292deacd2b52{\nheight:20px;\n}\n<\/style>\n<div  class='hr av-av_hr-a6de236e6c183bbbd700292deacd2b52 hr-invisible  avia-builder-el-8  el_after_av_image  el_before_av_textblock '><span class='hr-inner '><span class=\"hr-inner-style\"><\/span><\/span><\/div><br \/>\n<section  class='av_textblock_section av-av_textblock-0366cc7376be6c9e82a3e9cc8987b64f '   itemscope=\"itemscope\" itemtype=\"https:\/\/schema.org\/CreativeWork\" ><div class='avia_textblock'  itemprop=\"text\" ><h3><a href=\"\/?page_id=561\">Clients<\/a><\/h3>\n<p>D&rsquo;horizons diff\u00e9rents, tous uniques et au coeur de notre m\u00e9tier.<\/p>\n<\/div><\/section><\/p><\/div>\n<style type=\"text\/css\" data-created_by=\"avia_inline_auto\" id=\"style-css-av-av_one_third-2a64de42b738552fe666ca889af77e28\">\n.flex_column.av-av_one_third-2a64de42b738552fe666ca889af77e28{\nborder-radius:0px 0px 0px 0px;\npadding:0px 0px 0px 0px;\n}\n<\/style>\n<div  class='flex_column av-av_one_third-2a64de42b738552fe666ca889af77e28 av_one_third  avia-builder-el-10  el_after_av_one_third  el_before_av_one_third  flex_column_div av-zero-column-padding  '     ><p>\n<style type=\"text\/css\" data-created_by=\"avia_inline_auto\" id=\"style-css-av-av_image-409c61a3813067cfed5dd30a09115105\">\n.avia-image-container.av-av_image-409c61a3813067cfed5dd30a09115105 img.avia_image{\nbox-shadow:none;\n}\n.avia-image-container.av-av_image-409c61a3813067cfed5dd30a09115105 .av-image-caption-overlay-center{\ncolor:#ffffff;\n}\n<\/style>\n<div  class='avia-image-container av-av_image-409c61a3813067cfed5dd30a09115105 av-styling- av-hover-grow av-img-linked avia-align-left  avia-builder-el-11  el_before_av_hr  avia-builder-el-first '   itemprop=\"image\" itemscope=\"itemscope\" itemtype=\"https:\/\/schema.org\/ImageObject\" ><div class=\"avia-image-container-inner\"><div class=\"avia-image-overlay-wrap\"><a href=\"https:\/\/www.hbs-sa.com\/fr\/approach\/process\/\" class='avia_image '  aria-label='processes_500'><img decoding=\"async\" fetchpriority=\"high\" class='wp-image-1468 avia-img-lazy-loading-not-1468 avia_image ' src=\"https:\/\/www.hbs-sa.com\/wp-content\/uploads\/2015\/07\/processes_500.jpg\" alt='' title='processes_500'  height=\"333\" width=\"500\"  itemprop=\"thumbnailUrl\" srcset=\"https:\/\/www.hbs-sa.com\/wp-content\/uploads\/2015\/07\/processes_500.jpg 500w, https:\/\/www.hbs-sa.com\/wp-content\/uploads\/2015\/07\/processes_500-300x200.jpg 300w, https:\/\/www.hbs-sa.com\/wp-content\/uploads\/2015\/07\/processes_500-450x300.jpg 450w\" sizes=\"(max-width: 500px) 100vw, 500px\" \/><\/a><\/div><\/div><\/div><br \/>\n\n<style type=\"text\/css\" data-created_by=\"avia_inline_auto\" id=\"style-css-av-av_hr-a6de236e6c183bbbd700292deacd2b52\">\n#top .hr.hr-invisible.av-av_hr-a6de236e6c183bbbd700292deacd2b52{\nheight:20px;\n}\n<\/style>\n<div  class='hr av-av_hr-a6de236e6c183bbbd700292deacd2b52 hr-invisible  avia-builder-el-12  el_after_av_image  el_before_av_textblock '><span class='hr-inner '><span class=\"hr-inner-style\"><\/span><\/span><\/div><br \/>\n<section  class='av_textblock_section av-av_textblock-0366cc7376be6c9e82a3e9cc8987b64f '   itemscope=\"itemscope\" itemtype=\"https:\/\/schema.org\/CreativeWork\" ><div class='avia_textblock'  itemprop=\"text\" ><h3><a href=\"\/?page_id=559\">Processus<\/a><\/h3>\n<p>Une organisation simplifi\u00e9e, des \u00e9tapes claires et une tarification progressive.<\/p>\n<\/div><\/section><\/p><\/div>\n<style type=\"text\/css\" data-created_by=\"avia_inline_auto\" id=\"style-css-av-av_one_third-2a64de42b738552fe666ca889af77e28\">\n.flex_column.av-av_one_third-2a64de42b738552fe666ca889af77e28{\nborder-radius:0px 0px 0px 0px;\npadding:0px 0px 0px 0px;\n}\n<\/style>\n<div  class='flex_column av-av_one_third-2a64de42b738552fe666ca889af77e28 av_one_third  avia-builder-el-14  el_after_av_one_third  avia-builder-el-last  flex_column_div av-zero-column-padding  '     ><p>\n<style type=\"text\/css\" data-created_by=\"avia_inline_auto\" id=\"style-css-av-av_image-39915c66953e491375ab3d4b14d1b4f2\">\n.avia-image-container.av-av_image-39915c66953e491375ab3d4b14d1b4f2 img.avia_image{\nbox-shadow:none;\n}\n.avia-image-container.av-av_image-39915c66953e491375ab3d4b14d1b4f2 .av-image-caption-overlay-center{\ncolor:#ffffff;\n}\n<\/style>\n<div  class='avia-image-container av-av_image-39915c66953e491375ab3d4b14d1b4f2 av-styling- av-hover-grow av-img-linked avia-align-left  avia-builder-el-15  el_before_av_hr  avia-builder-el-first '   itemprop=\"image\" itemscope=\"itemscope\" itemtype=\"https:\/\/schema.org\/ImageObject\" ><div class=\"avia-image-container-inner\"><div class=\"avia-image-overlay-wrap\"><a href=\"https:\/\/www.hbs-sa.com\/fr\/approach\/network\/\" class='avia_image '  aria-label='relations_500'><img decoding=\"async\" fetchpriority=\"high\" class='wp-image-1355 avia-img-lazy-loading-not-1355 avia_image ' src=\"https:\/\/www.hbs-sa.com\/wp-content\/uploads\/2015\/07\/relations_500.jpg\" alt='' title='relations_500'  height=\"333\" width=\"500\"  itemprop=\"thumbnailUrl\" srcset=\"https:\/\/www.hbs-sa.com\/wp-content\/uploads\/2015\/07\/relations_500.jpg 500w, https:\/\/www.hbs-sa.com\/wp-content\/uploads\/2015\/07\/relations_500-300x200.jpg 300w, https:\/\/www.hbs-sa.com\/wp-content\/uploads\/2015\/07\/relations_500-450x300.jpg 450w\" sizes=\"(max-width: 500px) 100vw, 500px\" \/><\/a><\/div><\/div><\/div><br \/>\n\n<style type=\"text\/css\" data-created_by=\"avia_inline_auto\" id=\"style-css-av-av_hr-a6de236e6c183bbbd700292deacd2b52\">\n#top .hr.hr-invisible.av-av_hr-a6de236e6c183bbbd700292deacd2b52{\nheight:20px;\n}\n<\/style>\n<div  class='hr av-av_hr-a6de236e6c183bbbd700292deacd2b52 hr-invisible  avia-builder-el-16  el_after_av_image  el_before_av_textblock '><span class='hr-inner '><span class=\"hr-inner-style\"><\/span><\/span><\/div><br \/>\n<section  class='av_textblock_section av-av_textblock-0366cc7376be6c9e82a3e9cc8987b64f '   itemscope=\"itemscope\" itemtype=\"https:\/\/schema.org\/CreativeWork\" ><div class='avia_textblock'  itemprop=\"text\" ><h3><a href=\"\/?page_id=557\">R\u00e9seau<\/a><\/h3>\n<p>Notre force internationale de partenaires pour r\u00e9pondre \u00e0 tous les besoins.<\/p>\n<\/div><\/section><\/p><\/div>\n<\/p>\n","protected":false},"excerpt":{"rendered":"","protected":false},"author":1,"featured_media":0,"parent":0,"menu_order":0,"comment_status":"closed","ping_status":"open","template":"","meta":{"footnotes":""},"class_list":["post-541","page","type-page","status-publish","hentry"],"yoast_head":"<!-- This site is optimized with the Yoast SEO plugin v25.0 - https:\/\/yoast.com\/wordpress\/plugins\/seo\/ -->\n<title>Approche - HBS<\/title>\n<meta name=\"description\" content=\"Notre approche est bas\u00e9e sur des relations transparentes. Nous offrons \u00e0 nos clients des proc\u00e9dures simples, une qualit\u00e9 irr\u00e9prochable et des tarifs clairs.\" \/>\n<meta name=\"robots\" content=\"index, follow, max-snippet:-1, max-image-preview:large, max-video-preview:-1\" \/>\n<link rel=\"canonical\" href=\"https:\/\/www.hbs-sa.com\/fr\/approach\/\" \/>\n<meta property=\"og:locale\" content=\"fr_FR\" \/>\n<meta property=\"og:type\" content=\"article\" \/>\n<meta property=\"og:title\" content=\"Approche - HBS\" \/>\n<meta property=\"og:description\" content=\"Notre approche est bas\u00e9e sur des relations transparentes. Nous offrons \u00e0 nos clients des proc\u00e9dures simples, une qualit\u00e9 irr\u00e9prochable et des tarifs clairs.\" \/>\n<meta property=\"og:url\" content=\"https:\/\/www.hbs-sa.com\/fr\/approach\/\" \/>\n<meta property=\"og:site_name\" content=\"hbs\" \/>\n<meta property=\"article:modified_time\" content=\"2025-04-07T15:09:37+00:00\" \/>\n<meta name=\"twitter:card\" content=\"summary_large_image\" \/>\n<meta name=\"twitter:label1\" content=\"Dur\u00e9e de lecture estim\u00e9e\" \/>\n\t<meta name=\"twitter:data1\" content=\"4 minutes\" \/>\n<script type=\"application\/ld+json\" class=\"yoast-schema-graph\">{\"@context\":\"https:\/\/schema.org\",\"@graph\":[{\"@type\":\"WebPage\",\"@id\":\"https:\/\/www.hbs-sa.com\/fr\/approach\/\",\"url\":\"https:\/\/www.hbs-sa.com\/fr\/approach\/\",\"name\":\"Approche - HBS\",\"isPartOf\":{\"@id\":\"https:\/\/www.hbs-sa.com\/en\/#website\"},\"datePublished\":\"2015-07-01T13:24:27+00:00\",\"dateModified\":\"2025-04-07T15:09:37+00:00\",\"description\":\"Notre approche est bas\u00e9e sur des relations transparentes. Nous offrons \u00e0 nos clients des proc\u00e9dures simples, une qualit\u00e9 irr\u00e9prochable et des tarifs clairs.\",\"breadcrumb\":{\"@id\":\"https:\/\/www.hbs-sa.com\/fr\/approach\/#breadcrumb\"},\"inLanguage\":\"fr-FR\",\"potentialAction\":[{\"@type\":\"ReadAction\",\"target\":[\"https:\/\/www.hbs-sa.com\/fr\/approach\/\"]}]},{\"@type\":\"BreadcrumbList\",\"@id\":\"https:\/\/www.hbs-sa.com\/fr\/approach\/#breadcrumb\",\"itemListElement\":[{\"@type\":\"ListItem\",\"position\":1,\"name\":\"Home\",\"item\":\"https:\/\/www.hbs-sa.com\/fr\/\"},{\"@type\":\"ListItem\",\"position\":2,\"name\":\"approche\"}]},{\"@type\":\"WebSite\",\"@id\":\"https:\/\/www.hbs-sa.com\/en\/#website\",\"url\":\"https:\/\/www.hbs-sa.com\/en\/\",\"name\":\"hbs\",\"description\":\"\",\"potentialAction\":[{\"@type\":\"SearchAction\",\"target\":{\"@type\":\"EntryPoint\",\"urlTemplate\":\"https:\/\/www.hbs-sa.com\/en\/?s={search_term_string}\"},\"query-input\":{\"@type\":\"PropertyValueSpecification\",\"valueRequired\":true,\"valueName\":\"search_term_string\"}}],\"inLanguage\":\"fr-FR\"}]}<\/script>\n<!-- \/ Yoast SEO plugin. -->","yoast_head_json":{"title":"Approche - HBS","description":"Notre approche est bas\u00e9e sur des relations transparentes. Nous offrons \u00e0 nos clients des proc\u00e9dures simples, une qualit\u00e9 irr\u00e9prochable et des tarifs clairs.","robots":{"index":"index","follow":"follow","max-snippet":"max-snippet:-1","max-image-preview":"max-image-preview:large","max-video-preview":"max-video-preview:-1"},"canonical":"https:\/\/www.hbs-sa.com\/fr\/approach\/","og_locale":"fr_FR","og_type":"article","og_title":"Approche - HBS","og_description":"Notre approche est bas\u00e9e sur des relations transparentes. Nous offrons \u00e0 nos clients des proc\u00e9dures simples, une qualit\u00e9 irr\u00e9prochable et des tarifs clairs.","og_url":"https:\/\/www.hbs-sa.com\/fr\/approach\/","og_site_name":"hbs","article_modified_time":"2025-04-07T15:09:37+00:00","twitter_card":"summary_large_image","twitter_misc":{"Dur\u00e9e de lecture estim\u00e9e":"4 minutes"},"schema":{"@context":"https:\/\/schema.org","@graph":[{"@type":"WebPage","@id":"https:\/\/www.hbs-sa.com\/fr\/approach\/","url":"https:\/\/www.hbs-sa.com\/fr\/approach\/","name":"Approche - HBS","isPartOf":{"@id":"https:\/\/www.hbs-sa.com\/en\/#website"},"datePublished":"2015-07-01T13:24:27+00:00","dateModified":"2025-04-07T15:09:37+00:00","description":"Notre approche est bas\u00e9e sur des relations transparentes. Nous offrons \u00e0 nos clients des proc\u00e9dures simples, une qualit\u00e9 irr\u00e9prochable et des tarifs clairs.","breadcrumb":{"@id":"https:\/\/www.hbs-sa.com\/fr\/approach\/#breadcrumb"},"inLanguage":"fr-FR","potentialAction":[{"@type":"ReadAction","target":["https:\/\/www.hbs-sa.com\/fr\/approach\/"]}]},{"@type":"BreadcrumbList","@id":"https:\/\/www.hbs-sa.com\/fr\/approach\/#breadcrumb","itemListElement":[{"@type":"ListItem","position":1,"name":"Home","item":"https:\/\/www.hbs-sa.com\/fr\/"},{"@type":"ListItem","position":2,"name":"approche"}]},{"@type":"WebSite","@id":"https:\/\/www.hbs-sa.com\/en\/#website","url":"https:\/\/www.hbs-sa.com\/en\/","name":"hbs","description":"","potentialAction":[{"@type":"SearchAction","target":{"@type":"EntryPoint","urlTemplate":"https:\/\/www.hbs-sa.com\/en\/?s={search_term_string}"},"query-input":{"@type":"PropertyValueSpecification","valueRequired":true,"valueName":"search_term_string"}}],"inLanguage":"fr-FR"}]}},"_links":{"self":[{"href":"https:\/\/www.hbs-sa.com\/fr\/wp-json\/wp\/v2\/pages\/541","targetHints":{"allow":["GET"]}}],"collection":[{"href":"https:\/\/www.hbs-sa.com\/fr\/wp-json\/wp\/v2\/pages"}],"about":[{"href":"https:\/\/www.hbs-sa.com\/fr\/wp-json\/wp\/v2\/types\/page"}],"author":[{"embeddable":true,"href":"https:\/\/www.hbs-sa.com\/fr\/wp-json\/wp\/v2\/users\/1"}],"replies":[{"embeddable":true,"href":"https:\/\/www.hbs-sa.com\/fr\/wp-json\/wp\/v2\/comments?post=541"}],"version-history":[{"count":1,"href":"https:\/\/www.hbs-sa.com\/fr\/wp-json\/wp\/v2\/pages\/541\/revisions"}],"predecessor-version":[{"id":3917,"href":"https:\/\/www.hbs-sa.com\/fr\/wp-json\/wp\/v2\/pages\/541\/revisions\/3917"}],"wp:attachment":[{"href":"https:\/\/www.hbs-sa.com\/fr\/wp-json\/wp\/v2\/media?parent=541"}],"curies":[{"name":"wp","href":"https:\/\/api.w.org\/{rel}","templated":true}]}}