{"id":553,"date":"2015-07-01T15:27:40","date_gmt":"2015-07-01T13:27:40","guid":{"rendered":"http:\/\/www.hbs-sa.com\/?page_id=553"},"modified":"2025-05-12T09:17:09","modified_gmt":"2025-05-12T07:17:09","slug":"investments","status":"publish","type":"page","link":"https:\/\/www.hbs-sa.com\/fr\/services\/investments\/","title":{"rendered":"gestion de patrimoine"},"content":{"rendered":"<div class='clear'><\/div><div id='sub_menu1'  class='av-submenu-container av-3ny521-f05dee59f91eb1b960537bbff76cf2c1 footer_color  avia-builder-el-0  el_before_av_section  avia-builder-el-first  av-sticky-submenu container_wrap fullsize' style='z-index:301' ><div class='container av-menu-mobile-disabled av-submenu-pos-center'><ul id=\"menu-what-we-do\" class=\"av-subnav-menu\" role=\"menu\"><li role=\"menuitem\" id=\"menu-item-2451\" class=\"menu-item menu-item-type-post_type menu-item-object-page menu-item-top-level menu-item-top-level-1\"><a href=\"https:\/\/www.hbs-sa.com\/fr\/services\/family-office\/\" itemprop=\"url\" tabindex=\"0\"><span class=\"avia-bullet\"><\/span><span class=\"avia-menu-text\">family office<\/span><span class=\"avia-menu-fx\"><span class=\"avia-arrow-wrap\"><span class=\"avia-arrow\"><\/span><\/span><\/span><\/a><\/li>\n<li role=\"menuitem\" id=\"menu-item-604\" class=\"menu-item menu-item-type-post_type menu-item-object-page menu-item-top-level menu-item-top-level-2\"><a href=\"https:\/\/www.hbs-sa.com\/fr\/services\/investments\/\" itemprop=\"url\" tabindex=\"0\"><span class=\"avia-bullet\"><\/span><span class=\"avia-menu-text\">gestion de patrimoine<\/span><span class=\"avia-menu-fx\"><span class=\"avia-arrow-wrap\"><span class=\"avia-arrow\"><\/span><\/span><\/span><\/a><\/li>\n<\/ul><\/div><\/div><div class='sticky_placeholder'><\/div>\n\n<style type=\"text\/css\" data-created_by=\"avia_inline_auto\" id=\"style-css-av-37m0zl-a6e407944958903349a04320f3d8f2db\">\n.avia-section.av-37m0zl-a6e407944958903349a04320f3d8f2db{\nbackground-color:#f6f6f6;\nbackground-image:unset;\n}\n<\/style>\n<div id='service-section'  class='avia-section av-37m0zl-a6e407944958903349a04320f3d8f2db main_color avia-section-large avia-no-border-styling  avia-builder-el-1  el_after_av_submenu  el_before_av_section  avia-bg-style-scroll container_wrap fullsize'  ><div class='container av-section-cont-open' ><div class='template-page content  av-content-full alpha units'><div class='post-entry post-entry-type-page post-entry-553'><div class='entry-content-wrapper clearfix'>\n\n<style type=\"text\/css\" data-created_by=\"avia_inline_auto\" id=\"style-css-av-33qh2h-e9015cb53bb84fccb474e7d32481a8b8\">\n.flex_column.av-33qh2h-e9015cb53bb84fccb474e7d32481a8b8{\nborder-radius:0px 0px 0px 0px;\npadding:0px 0px 0px 0px;\n}\n<\/style>\n<div  class='flex_column av-33qh2h-e9015cb53bb84fccb474e7d32481a8b8 av_one_full  avia-builder-el-2  el_before_av_one_half  avia-builder-el-first  first flex_column_div av-zero-column-padding  '     ><p>\n<style type=\"text\/css\" data-created_by=\"avia_inline_auto\" id=\"style-css-av-jy9zs9ji-7d7352deec077627c2510b6a84ebef87\">\n#top .av-special-heading.av-jy9zs9ji-7d7352deec077627c2510b6a84ebef87{\npadding-bottom:0;\ncolor:#424242;\nfont-size:40px;\n}\nbody .av-special-heading.av-jy9zs9ji-7d7352deec077627c2510b6a84ebef87 .av-special-heading-tag .heading-char{\nfont-size:25px;\n}\n#top #wrap_all .av-special-heading.av-jy9zs9ji-7d7352deec077627c2510b6a84ebef87 .av-special-heading-tag{\nfont-size:40px;\n}\n.av-special-heading.av-jy9zs9ji-7d7352deec077627c2510b6a84ebef87 .special-heading-inner-border{\nborder-color:#424242;\n}\n.av-special-heading.av-jy9zs9ji-7d7352deec077627c2510b6a84ebef87 .av-subheading{\nfont-size:15px;\n}\n\n@media only screen and (min-width: 480px) and (max-width: 767px){ \n#top #wrap_all .av-special-heading.av-jy9zs9ji-7d7352deec077627c2510b6a84ebef87 .av-special-heading-tag{\nfont-size:0.8em;\n}\n}\n\n@media only screen and (max-width: 479px){ \n#top #wrap_all .av-special-heading.av-jy9zs9ji-7d7352deec077627c2510b6a84ebef87 .av-special-heading-tag{\nfont-size:0.8em;\n}\n}\n<\/style>\n<div  class='av-special-heading av-jy9zs9ji-7d7352deec077627c2510b6a84ebef87 av-special-heading-h1 custom-color-heading blockquote modern-quote  avia-builder-el-3  el_before_av_hr  avia-builder-el-first  av-inherit-size'><h1 class='av-special-heading-tag '  itemprop=\"headline\"  >INVESTISSEMENTS<\/h1><div class=\"special-heading-border\"><div class=\"special-heading-inner-border\"><\/div><\/div><\/div><br \/>\n\n<style type=\"text\/css\" data-created_by=\"avia_inline_auto\" id=\"style-css-av-2sra7t-5624641f6550fb701a0989f92a0adf66\">\n#top .hr.hr-invisible.av-2sra7t-5624641f6550fb701a0989f92a0adf66{\nmargin-top:-20px;\nheight:1px;\n}\n<\/style>\n<div  class='hr av-2sra7t-5624641f6550fb701a0989f92a0adf66 hr-invisible  avia-builder-el-4  el_after_av_heading  avia-builder-el-last '><span class='hr-inner '><span class=\"hr-inner-style\"><\/span><\/span><\/div><\/p><\/div>\n<style type=\"text\/css\" data-created_by=\"avia_inline_auto\" id=\"style-css-av-2k43a9-ae48edffdf4c5f1ef4c395699858cdd1\">\n.flex_column.av-2k43a9-ae48edffdf4c5f1ef4c395699858cdd1{\nborder-radius:0px 0px 0px 0px;\npadding:0px 0px 0px 0px;\n}\n<\/style>\n<div  class='flex_column av-2k43a9-ae48edffdf4c5f1ef4c395699858cdd1 av_one_half  avia-builder-el-5  el_after_av_one_full  el_before_av_one_half  first flex_column_div av-zero-column-padding  column-top-margin'     ><section  class='av_textblock_section av-2dczqp-a53c490c108728e99a078753ef2707b5 '   itemscope=\"itemscope\" itemtype=\"https:\/\/schema.org\/CreativeWork\" ><div class='avia_textblock'  itemprop=\"text\" ><blockquote>\n<h3 class=\"home-page\">Avantages<\/h3>\n<\/blockquote>\n<\/div><\/section><\/div>\n<style type=\"text\/css\" data-created_by=\"avia_inline_auto\" id=\"style-css-av-28jhll-7bb2d5a2f8c28fc80f25a62ccbb43dde\">\n.flex_column.av-28jhll-7bb2d5a2f8c28fc80f25a62ccbb43dde{\nborder-radius:0px 0px 0px 0px;\npadding:0px 0px 0px 0px;\n}\n<\/style>\n<div  class='flex_column av-28jhll-7bb2d5a2f8c28fc80f25a62ccbb43dde av_one_half  avia-builder-el-7  el_after_av_one_half  avia-builder-el-last  flex_column_div av-zero-column-padding  column-top-margin'     ><style type=\"text\/css\" data-created_by=\"avia_inline_auto\" id=\"style-css-av-7df7l-9183fabb21f3f4161d7b699701c0c1a0\">\n#top .av_textblock_section.av-7df7l-9183fabb21f3f4161d7b699701c0c1a0 .avia_textblock{\nfont-size:17px;\ncolor:#424242;\n}\n<\/style>\n<section  class='av_textblock_section av-7df7l-9183fabb21f3f4161d7b699701c0c1a0 '   itemscope=\"itemscope\" itemtype=\"https:\/\/schema.org\/CreativeWork\" ><div class='avia_textblock av_inherit_color'  itemprop=\"text\" ><ul>\n<li>Approche d\u2019investissement globale<\/li>\n<li>Ind\u00e9pendance des choix<\/li>\n<li>Strat\u00e9gie align\u00e9e avec vos attentes<\/li>\n<li>Gestion continue des risques<\/li>\n<li>Monitoring constant<\/li>\n<li>Opportunit\u00e9s d&rsquo;investissement<\/li>\n<li>Contr\u00f4le des co\u00fbts<\/li>\n<\/ul>\n<\/div><\/section><\/div>\n\n<\/div><\/div><\/div><!-- close content main div --><\/div><\/div><div id='av_section_2'  class='avia-section av-1w9rld-68002386d5bbe257c843e36cd5c4cdd1 main_color avia-section-huge avia-no-border-styling  avia-builder-el-9  el_after_av_section  el_before_av_section  avia-bg-style-scroll container_wrap fullsize'  ><div class='container av-section-cont-open' ><div class='template-page content  av-content-full alpha units'><div class='post-entry post-entry-type-page post-entry-553'><div class='entry-content-wrapper clearfix'>\n\n<style type=\"text\/css\" data-created_by=\"avia_inline_auto\" id=\"style-css-av-69fe9-da61616320359dc58f3ed9b0c3636def\">\n.flex_column.av-69fe9-da61616320359dc58f3ed9b0c3636def{\nborder-radius:0px 0px 0px 0px;\npadding:0px 0px 0px 0px;\n}\n<\/style>\n<div  class='flex_column av-69fe9-da61616320359dc58f3ed9b0c3636def av_one_half  avia-builder-el-10  el_before_av_one_half  avia-builder-el-first  first flex_column_div av-zero-column-padding  '     ><section  class='av_textblock_section av-jy9vop74-87c12aaa984d683211958bff738d2acd '   itemscope=\"itemscope\" itemtype=\"https:\/\/schema.org\/CreativeWork\" ><div class='avia_textblock'  itemprop=\"text\" ><h3 class=\"home-page\" style=\"color: #cc0033;\">Contr\u00f4le &#038; suivi<\/h3>\n<p><strong>hbs<\/strong> suit attentivement les placements financiers de vos g\u00e9rants de fortune. <strong>hbs<\/strong> s\u2019assure que la strat\u00e9gie de placement mise en place et les risques pris soient parfaitement conformes au profil d\u00e9fini.<\/p>\n<p>Nous fournissons ensuite au client un compte-rendu pr\u00e9cis et d\u00e9taill\u00e9 des performances obtenues et des frais encourus.<\/p>\n<\/div><\/section><\/div>\n<style type=\"text\/css\" data-created_by=\"avia_inline_auto\" id=\"style-css-av-1ibbmp-ce0c52b49fb1009518196b86375415a4\">\n.flex_column.av-1ibbmp-ce0c52b49fb1009518196b86375415a4{\nborder-radius:0px 0px 0px 0px;\npadding:0px 0px 0px 0px;\n}\n<\/style>\n<div  class='flex_column av-1ibbmp-ce0c52b49fb1009518196b86375415a4 av_one_half  avia-builder-el-12  el_after_av_one_half  el_before_av_hr  flex_column_div av-zero-column-padding  '     ><section  class='av_textblock_section av-1hijd5-33c3fc7d1a66c57d0dd333e4e2dacd73 '   itemscope=\"itemscope\" itemtype=\"https:\/\/schema.org\/CreativeWork\" ><div class='avia_textblock'  itemprop=\"text\" ><h3 class=\"home-page\" style=\"color: #cc0033;\">Conseil<\/h3>\n<p>Dans le cadre d\u2019une strat\u00e9gie d\u2019investissement globale et d\u2019un profil de risque pr\u00e9alablement d\u00e9finis avec le client, nous lui apportons, <a href=\"http:\/\/www.hbs-sa.com\/fr\/profile\/values\/\">de mani\u00e8re ind\u00e9pendante<\/a>, tous les conseils et recommandations utiles pour les diff\u00e9rentes classes d\u2019actifs. La d\u00e9cision finale d\u2019investissement appartient au client, qui en tout temps garde un contr\u00f4le total sur ses actifs.<\/p>\n<p>Nous passons r\u00e9guli\u00e8rement en revue les portefeuilles avec nos clients et les aidons \u00e0 adapter leur strat\u00e9gie aux \u00e9volutions des march\u00e9s.<\/p>\n<\/div><\/section><\/div>\n<style type=\"text\/css\" data-created_by=\"avia_inline_auto\" id=\"style-css-av-1ar48x-f59805b34570ddd188d75f6078792361\">\n#top .hr.hr-invisible.av-1ar48x-f59805b34570ddd188d75f6078792361{\nheight:80px;\n}\n<\/style>\n<div  class='hr av-1ar48x-f59805b34570ddd188d75f6078792361 hr-invisible  avia-builder-el-14  el_after_av_one_half  el_before_av_one_half '><span class='hr-inner '><span class=\"hr-inner-style\"><\/span><\/span><\/div>\n\n<style type=\"text\/css\" data-created_by=\"avia_inline_auto\" id=\"style-css-av-15hr49-d748ff87c6e50e54b5b5f3cbba244723\">\n.flex_column.av-15hr49-d748ff87c6e50e54b5b5f3cbba244723{\nborder-radius:0px 0px 0px 0px;\npadding:0px 0px 0px 0px;\n}\n<\/style>\n<div  class='flex_column av-15hr49-d748ff87c6e50e54b5b5f3cbba244723 av_one_half  avia-builder-el-15  el_after_av_hr  el_before_av_one_half  first flex_column_div av-zero-column-padding  '     ><section  class='av_textblock_section av-x8ktd-57dac9ddd8cad4b3eb3ad10b911a362f '   itemscope=\"itemscope\" itemtype=\"https:\/\/schema.org\/CreativeWork\" ><div class='avia_textblock'  itemprop=\"text\" ><h3 class=\"home-page\" style=\"color: #cc0033;\">Pr\u00e9sentation d&rsquo;opportunit\u00e9s<\/h3>\n<p>Nous identifions des opportunit\u00e9s d\u2019investissement dans les domaines des fonds de placement, du Private Equity, de l\u2019immobilier, ou tout autre type de placements. Nous en \u00e9valuons les b\u00e9n\u00e9fices potentiels, les risques, et\u00a0le pr\u00e9sentons \u00e0 nos clients avec nos recommandations.<\/p>\n<p>Le cas \u00e9ch\u00e9ant,\u00a0nous aidons nos clients \u00e0 trouver des partenaires ou des co-investisseurs pour leurs projets.<\/p>\n<\/div><\/section><\/div>\n<style type=\"text\/css\" data-created_by=\"avia_inline_auto\" id=\"style-css-av-q6hft-9800cb9c8f12c8de34847cd010aced29\">\n.flex_column.av-q6hft-9800cb9c8f12c8de34847cd010aced29{\nborder-radius:0px 0px 0px 0px;\npadding:0px 0px 0px 0px;\n}\n<\/style>\n<div  class='flex_column av-q6hft-9800cb9c8f12c8de34847cd010aced29 av_one_half  avia-builder-el-17  el_after_av_one_half  el_before_av_hr  flex_column_div av-zero-column-padding  '     ><section  class='av_textblock_section av-m0dw1-7cb52b985ccfe6a673218e5be090694b '   itemscope=\"itemscope\" itemtype=\"https:\/\/schema.org\/CreativeWork\" ><div class='avia_textblock'  itemprop=\"text\" ><h3 class=\"home-page\" style=\"color: #cc0033;\">Gestion discr\u00e9tionnaire<\/h3>\n<p>Nous g\u00e9rons, \u00e0 la demande, les portefeuilles de nos clients aupr\u00e8s des banques de leur choix. Nous d\u00e9finissons avec eux leur profil de risque et investissons en cons\u00e9quence dans diff\u00e9rentes classes d\u2019actifs.<\/p>\n<p>Nous informons le client d\u2019une fa\u00e7on transparente et r\u00e9guli\u00e8re sur les performances obtenues.<\/p>\n<\/div><\/section><\/div>\n<style type=\"text\/css\" data-created_by=\"avia_inline_auto\" id=\"style-css-av-hiltd-8113dc4a5387ccb5602ff279330e6ec7\">\n#top .hr.hr-invisible.av-hiltd-8113dc4a5387ccb5602ff279330e6ec7{\nheight:80px;\n}\n<\/style>\n<div  class='hr av-hiltd-8113dc4a5387ccb5602ff279330e6ec7 hr-invisible  avia-builder-el-19  el_after_av_one_half  el_before_av_one_full '><span class='hr-inner '><span class=\"hr-inner-style\"><\/span><\/span><\/div>\n\n<style type=\"text\/css\" data-created_by=\"avia_inline_auto\" id=\"style-css-av-dghs9-9cc4becb996b85c7916f9643866ea092\">\n.flex_column.av-dghs9-9cc4becb996b85c7916f9643866ea092{\nborder-radius:0px 0px 0px 0px;\npadding:0px 0px 0px 0px;\n}\n<\/style>\n<div  class='flex_column av-dghs9-9cc4becb996b85c7916f9643866ea092 av_one_full  avia-builder-el-20  el_after_av_hr  el_before_av_hr  first flex_column_div av-zero-column-padding  '     ><div  class='avia-button-wrap av-kxhthg4s-934b79756d5e408d7f3017a66c79fc8c-wrap avia-button-center  avia-builder-el-21  avia-builder-el-no-sibling '><a href='https:\/\/www.hbs-sa.com\/wp-content\/uploads\/2025\/05\/LSFin-brochure-HBS-2025.pdf'  class='avia-button av-kxhthg4s-934b79756d5e408d7f3017a66c79fc8c av-link-btn avia-icon_select-no avia-size-x-large avia-position-center avia-color-theme-color'  target=\"_blank\"  rel=\"noopener noreferrer\"  aria-label=\"Brochure LSFin 2025\"><span class='avia_iconbox_title' >Brochure LSFin 2025<\/span><\/a><\/div><\/div>\n<style type=\"text\/css\" data-created_by=\"avia_inline_auto\" id=\"style-css-av-89c4p-1c7be61beb4acaa6431dbb6e5da8743c\">\n#top .hr.hr-invisible.av-89c4p-1c7be61beb4acaa6431dbb6e5da8743c{\nheight:80px;\n}\n<\/style>\n<div  class='hr av-89c4p-1c7be61beb4acaa6431dbb6e5da8743c hr-invisible  avia-builder-el-22  el_after_av_one_full  avia-builder-el-last '><span class='hr-inner '><span class=\"hr-inner-style\"><\/span><\/span><\/div>\n<\/div><\/div><\/div><!-- close content main div --><\/div><\/div>\n<style type=\"text\/css\" data-created_by=\"avia_inline_auto\" id=\"style-css-av-b927t-0281f0822fd3400a6a343e4e6580b13d\">\n.avia-section.av-b927t-0281f0822fd3400a6a343e4e6580b13d{\nbackground-repeat:no-repeat;\nbackground-image:url(https:\/\/www.hbs-sa.com\/wp-content\/uploads\/2015\/07\/hk_c.jpg);\nbackground-position:50% 0%;\nbackground-attachment:scroll;\n}\n<\/style>\n<div id='av_section_3'  class='avia-section av-b927t-0281f0822fd3400a6a343e4e6580b13d main_color avia-section-no-padding avia-no-border-styling  avia-builder-el-23  el_after_av_section  avia-builder-el-last  avia-full-stretch avia-bg-style-scroll av-minimum-height av-minimum-height-custom av-height-custom  container_wrap fullsize'  data-section-bg-repeat='stretch' data-av_minimum_height_px='400'><div class='container av-section-cont-open' style='height:400px'><div class='template-page content  av-content-full alpha units'><div class='post-entry post-entry-type-page post-entry-553'><div class='entry-content-wrapper clearfix'><\/p>\n","protected":false},"excerpt":{"rendered":"","protected":false},"author":1,"featured_media":0,"parent":539,"menu_order":1,"comment_status":"closed","ping_status":"closed","template":"","meta":{"footnotes":""},"class_list":["post-553","page","type-page","status-publish","hentry"],"yoast_head":"<!-- This site is optimized with the Yoast SEO plugin v25.0 - https:\/\/yoast.com\/wordpress\/plugins\/seo\/ -->\n<title>Gestion de patrimoine - HBS<\/title>\n<meta name=\"description\" content=\"Nous proposons une politique d&#039;investissement globale et ind\u00e9pendante. Contr\u00f4le et suivi, conseil, gestion discr\u00e9tionnaire et pr\u00e9sentation d&#039;opportunit\u00e9s.\" \/>\n<meta name=\"robots\" content=\"index, follow, max-snippet:-1, max-image-preview:large, max-video-preview:-1\" \/>\n<link rel=\"canonical\" href=\"https:\/\/www.hbs-sa.com\/fr\/services\/investments\/\" \/>\n<meta property=\"og:locale\" content=\"fr_FR\" \/>\n<meta property=\"og:type\" content=\"article\" \/>\n<meta property=\"og:title\" content=\"Gestion de patrimoine - HBS\" \/>\n<meta property=\"og:description\" content=\"Nous proposons une politique d&#039;investissement globale et ind\u00e9pendante. Contr\u00f4le et suivi, conseil, gestion discr\u00e9tionnaire et pr\u00e9sentation d&#039;opportunit\u00e9s.\" \/>\n<meta property=\"og:url\" content=\"https:\/\/www.hbs-sa.com\/fr\/services\/investments\/\" \/>\n<meta property=\"og:site_name\" content=\"hbs\" \/>\n<meta property=\"article:modified_time\" content=\"2025-05-12T07:17:09+00:00\" \/>\n<meta name=\"twitter:card\" content=\"summary_large_image\" \/>\n<meta name=\"twitter:label1\" content=\"Dur\u00e9e de lecture estim\u00e9e\" \/>\n\t<meta name=\"twitter:data1\" content=\"2 minutes\" \/>\n<script type=\"application\/ld+json\" class=\"yoast-schema-graph\">{\"@context\":\"https:\/\/schema.org\",\"@graph\":[{\"@type\":\"WebPage\",\"@id\":\"https:\/\/www.hbs-sa.com\/fr\/services\/investments\/\",\"url\":\"https:\/\/www.hbs-sa.com\/fr\/services\/investments\/\",\"name\":\"Gestion de patrimoine - HBS\",\"isPartOf\":{\"@id\":\"https:\/\/www.hbs-sa.com\/en\/#website\"},\"datePublished\":\"2015-07-01T13:27:40+00:00\",\"dateModified\":\"2025-05-12T07:17:09+00:00\",\"description\":\"Nous proposons une politique d'investissement globale et ind\u00e9pendante. Contr\u00f4le et suivi, conseil, gestion discr\u00e9tionnaire et pr\u00e9sentation d'opportunit\u00e9s.\",\"breadcrumb\":{\"@id\":\"https:\/\/www.hbs-sa.com\/fr\/services\/investments\/#breadcrumb\"},\"inLanguage\":\"fr-FR\",\"potentialAction\":[{\"@type\":\"ReadAction\",\"target\":[\"https:\/\/www.hbs-sa.com\/fr\/services\/investments\/\"]}]},{\"@type\":\"BreadcrumbList\",\"@id\":\"https:\/\/www.hbs-sa.com\/fr\/services\/investments\/#breadcrumb\",\"itemListElement\":[{\"@type\":\"ListItem\",\"position\":1,\"name\":\"Home\",\"item\":\"https:\/\/www.hbs-sa.com\/fr\/\"},{\"@type\":\"ListItem\",\"position\":2,\"name\":\"services\",\"item\":\"https:\/\/www.hbs-sa.com\/fr\/services\/\"},{\"@type\":\"ListItem\",\"position\":3,\"name\":\"gestion de patrimoine\"}]},{\"@type\":\"WebSite\",\"@id\":\"https:\/\/www.hbs-sa.com\/en\/#website\",\"url\":\"https:\/\/www.hbs-sa.com\/en\/\",\"name\":\"hbs\",\"description\":\"\",\"potentialAction\":[{\"@type\":\"SearchAction\",\"target\":{\"@type\":\"EntryPoint\",\"urlTemplate\":\"https:\/\/www.hbs-sa.com\/en\/?s={search_term_string}\"},\"query-input\":{\"@type\":\"PropertyValueSpecification\",\"valueRequired\":true,\"valueName\":\"search_term_string\"}}],\"inLanguage\":\"fr-FR\"}]}<\/script>\n<!-- \/ Yoast SEO plugin. -->","yoast_head_json":{"title":"Gestion de patrimoine - HBS","description":"Nous proposons une politique d'investissement globale et ind\u00e9pendante. Contr\u00f4le et suivi, conseil, gestion discr\u00e9tionnaire et pr\u00e9sentation d'opportunit\u00e9s.","robots":{"index":"index","follow":"follow","max-snippet":"max-snippet:-1","max-image-preview":"max-image-preview:large","max-video-preview":"max-video-preview:-1"},"canonical":"https:\/\/www.hbs-sa.com\/fr\/services\/investments\/","og_locale":"fr_FR","og_type":"article","og_title":"Gestion de patrimoine - HBS","og_description":"Nous proposons une politique d'investissement globale et ind\u00e9pendante. Contr\u00f4le et suivi, conseil, gestion discr\u00e9tionnaire et pr\u00e9sentation d'opportunit\u00e9s.","og_url":"https:\/\/www.hbs-sa.com\/fr\/services\/investments\/","og_site_name":"hbs","article_modified_time":"2025-05-12T07:17:09+00:00","twitter_card":"summary_large_image","twitter_misc":{"Dur\u00e9e de lecture estim\u00e9e":"2 minutes"},"schema":{"@context":"https:\/\/schema.org","@graph":[{"@type":"WebPage","@id":"https:\/\/www.hbs-sa.com\/fr\/services\/investments\/","url":"https:\/\/www.hbs-sa.com\/fr\/services\/investments\/","name":"Gestion de patrimoine - HBS","isPartOf":{"@id":"https:\/\/www.hbs-sa.com\/en\/#website"},"datePublished":"2015-07-01T13:27:40+00:00","dateModified":"2025-05-12T07:17:09+00:00","description":"Nous proposons une politique d'investissement globale et ind\u00e9pendante. Contr\u00f4le et suivi, conseil, gestion discr\u00e9tionnaire et pr\u00e9sentation d'opportunit\u00e9s.","breadcrumb":{"@id":"https:\/\/www.hbs-sa.com\/fr\/services\/investments\/#breadcrumb"},"inLanguage":"fr-FR","potentialAction":[{"@type":"ReadAction","target":["https:\/\/www.hbs-sa.com\/fr\/services\/investments\/"]}]},{"@type":"BreadcrumbList","@id":"https:\/\/www.hbs-sa.com\/fr\/services\/investments\/#breadcrumb","itemListElement":[{"@type":"ListItem","position":1,"name":"Home","item":"https:\/\/www.hbs-sa.com\/fr\/"},{"@type":"ListItem","position":2,"name":"services","item":"https:\/\/www.hbs-sa.com\/fr\/services\/"},{"@type":"ListItem","position":3,"name":"gestion de patrimoine"}]},{"@type":"WebSite","@id":"https:\/\/www.hbs-sa.com\/en\/#website","url":"https:\/\/www.hbs-sa.com\/en\/","name":"hbs","description":"","potentialAction":[{"@type":"SearchAction","target":{"@type":"EntryPoint","urlTemplate":"https:\/\/www.hbs-sa.com\/en\/?s={search_term_string}"},"query-input":{"@type":"PropertyValueSpecification","valueRequired":true,"valueName":"search_term_string"}}],"inLanguage":"fr-FR"}]}},"_links":{"self":[{"href":"https:\/\/www.hbs-sa.com\/fr\/wp-json\/wp\/v2\/pages\/553","targetHints":{"allow":["GET"]}}],"collection":[{"href":"https:\/\/www.hbs-sa.com\/fr\/wp-json\/wp\/v2\/pages"}],"about":[{"href":"https:\/\/www.hbs-sa.com\/fr\/wp-json\/wp\/v2\/types\/page"}],"author":[{"embeddable":true,"href":"https:\/\/www.hbs-sa.com\/fr\/wp-json\/wp\/v2\/users\/1"}],"replies":[{"embeddable":true,"href":"https:\/\/www.hbs-sa.com\/fr\/wp-json\/wp\/v2\/comments?post=553"}],"version-history":[{"count":12,"href":"https:\/\/www.hbs-sa.com\/fr\/wp-json\/wp\/v2\/pages\/553\/revisions"}],"predecessor-version":[{"id":3956,"href":"https:\/\/www.hbs-sa.com\/fr\/wp-json\/wp\/v2\/pages\/553\/revisions\/3956"}],"up":[{"embeddable":true,"href":"https:\/\/www.hbs-sa.com\/fr\/wp-json\/wp\/v2\/pages\/539"}],"wp:attachment":[{"href":"https:\/\/www.hbs-sa.com\/fr\/wp-json\/wp\/v2\/media?parent=553"}],"curies":[{"name":"wp","href":"https:\/\/api.w.org\/{rel}","templated":true}]}}