{"id":597,"date":"2015-07-01T16:01:11","date_gmt":"2015-07-01T14:01:11","guid":{"rendered":"http:\/\/www.hbs-sa.com\/?page_id=597"},"modified":"2025-04-07T17:09:37","modified_gmt":"2025-04-07T15:09:37","slug":"careers","status":"publish","type":"page","link":"https:\/\/www.hbs-sa.com\/fr\/careers\/","title":{"rendered":"carri\u00e8res"},"content":{"rendered":"\n<style type=\"text\/css\" data-created_by=\"avia_inline_auto\" id=\"style-css-av-av_section-2069376a3fdfe71e8dce8d9d32e29d0e\">\n.avia-section.av-av_section-2069376a3fdfe71e8dce8d9d32e29d0e{\nbackground-color:#999999;\nbackground-image:unset;\n}\n<\/style>\n<div id='av_section_1'  class='avia-section av-av_section-2069376a3fdfe71e8dce8d9d32e29d0e main_color avia-section-large avia-no-border-styling  avia-builder-el-0  el_before_av_section  avia-builder-el-first  avia-bg-style-scroll container_wrap fullsize'  ><div class='container av-section-cont-open' ><main  role=\"main\" itemprop=\"mainContentOfPage\"  class='template-page content  av-content-full alpha units'><div class='post-entry post-entry-type-page post-entry-597'><div class='entry-content-wrapper clearfix'>\n\n<style type=\"text\/css\" data-created_by=\"avia_inline_auto\" id=\"style-css-av-av_one_full-2d47f9ce0b00fd05718d1ec4779473a2\">\n.flex_column.av-av_one_full-2d47f9ce0b00fd05718d1ec4779473a2{\nborder-radius:0px 0px 0px 0px;\npadding:0px 0px 0px 0px;\n}\n<\/style>\n<div  class='flex_column av-av_one_full-2d47f9ce0b00fd05718d1ec4779473a2 av_one_full  avia-builder-el-1  avia-builder-el-no-sibling  first flex_column_div av-zero-column-padding  '     ><style type=\"text\/css\" data-created_by=\"avia_inline_auto\" id=\"style-css-av-av_heading-2ef4b8a1ccc2803deda4de7ed5eced9a\">\n#top .av-special-heading.av-av_heading-2ef4b8a1ccc2803deda4de7ed5eced9a{\npadding-bottom:0;\ncolor:#ffffff;\n}\nbody .av-special-heading.av-av_heading-2ef4b8a1ccc2803deda4de7ed5eced9a .av-special-heading-tag .heading-char{\nfont-size:25px;\n}\n.av-special-heading.av-av_heading-2ef4b8a1ccc2803deda4de7ed5eced9a .special-heading-inner-border{\nborder-color:#ffffff;\n}\n.av-special-heading.av-av_heading-2ef4b8a1ccc2803deda4de7ed5eced9a .av-subheading{\nfont-size:15px;\n}\n<\/style>\n<div  class='av-special-heading av-av_heading-2ef4b8a1ccc2803deda4de7ed5eced9a av-special-heading-h1 custom-color-heading blockquote modern-quote  avia-builder-el-2  avia-builder-el-no-sibling '><h1 class='av-special-heading-tag '  itemprop=\"headline\"  >Travailler chez HBS<\/h1><div class=\"special-heading-border\"><div class=\"special-heading-inner-border\"><\/div><\/div><\/div><\/div>\n\n<\/div><\/div><\/main><!-- close content main element --><\/div><\/div>\n<style type=\"text\/css\" data-created_by=\"avia_inline_auto\" id=\"style-css-av-av_section-e8c8974ed415b164843403e7ca5c4bb9\">\n.avia-section.av-av_section-e8c8974ed415b164843403e7ca5c4bb9{\nbackground-color:#f6f6f6;\nbackground-image:unset;\n}\n<\/style>\n<div id='av_section_2'  class='avia-section av-av_section-e8c8974ed415b164843403e7ca5c4bb9 main_color avia-section-huge avia-no-border-styling  avia-builder-el-3  el_after_av_section  avia-builder-el-last  avia-bg-style-scroll container_wrap fullsize'  ><div class='container av-section-cont-open' ><div class='template-page content  av-content-full alpha units'><div class='post-entry post-entry-type-page post-entry-597'><div class='entry-content-wrapper clearfix'>\n\n<style type=\"text\/css\" data-created_by=\"avia_inline_auto\" id=\"style-css-av-av_one_full-352b07ef7d3bc99b2e9f92e7a9e06bdb\">\n.flex_column.av-av_one_full-352b07ef7d3bc99b2e9f92e7a9e06bdb{\nborder-radius:0px 0px 0px 0px;\npadding:0px 0px 0px 0px;\n}\n<\/style>\n<div  class='flex_column av-av_one_full-352b07ef7d3bc99b2e9f92e7a9e06bdb av_one_full  avia-builder-el-4  avia-builder-el-no-sibling  first flex_column_div av-zero-column-padding  '     ><section  class='av_textblock_section av-av_textblock-0366cc7376be6c9e82a3e9cc8987b64f '   itemscope=\"itemscope\" itemtype=\"https:\/\/schema.org\/CreativeWork\" ><div class='avia_textblock'  itemprop=\"text\" ><h3>Aucun poste n&rsquo;est disponible pour le moment.<\/h3>\n<p>HBS est toujours \u00e0 la recherche de personnes d&rsquo;exception pour renforcer son \u00e9quipe. <a href=\"\/?page_id=21\">Contactez-nous<\/a> si vous pensez avoir le profil ad\u00e9quat.<\/p>\n<\/div><\/section><\/div>\n","protected":false},"excerpt":{"rendered":"","protected":false},"author":1,"featured_media":0,"parent":0,"menu_order":0,"comment_status":"closed","ping_status":"open","template":"","meta":{"footnotes":""},"class_list":["post-597","page","type-page","status-publish","hentry"],"yoast_head":"<!-- This site is optimized with the Yoast SEO plugin v25.0 - https:\/\/yoast.com\/wordpress\/plugins\/seo\/ -->\n<title>Carri\u00e8res - HBS<\/title>\n<meta name=\"description\" content=\"HBS est toujours \u00e0 la recherche de personnes d&#039;exception pour renforcer son \u00e9quipe. Contactez-nous si vous pensez avoir le profil ad\u00e9quat.\" \/>\n<meta name=\"robots\" content=\"index, follow, max-snippet:-1, max-image-preview:large, max-video-preview:-1\" \/>\n<link rel=\"canonical\" href=\"https:\/\/www.hbs-sa.com\/fr\/careers\/\" \/>\n<meta property=\"og:locale\" content=\"fr_FR\" \/>\n<meta property=\"og:type\" content=\"article\" \/>\n<meta property=\"og:title\" content=\"Carri\u00e8res - HBS\" \/>\n<meta property=\"og:description\" content=\"HBS est toujours \u00e0 la recherche de personnes d&#039;exception pour renforcer son \u00e9quipe. Contactez-nous si vous pensez avoir le profil ad\u00e9quat.\" \/>\n<meta property=\"og:url\" content=\"https:\/\/www.hbs-sa.com\/fr\/careers\/\" \/>\n<meta property=\"og:site_name\" content=\"hbs\" \/>\n<meta property=\"article:modified_time\" content=\"2025-04-07T15:09:37+00:00\" \/>\n<meta name=\"twitter:card\" content=\"summary_large_image\" \/>\n<meta name=\"twitter:label1\" content=\"Dur\u00e9e de lecture estim\u00e9e\" \/>\n\t<meta name=\"twitter:data1\" content=\"1 minute\" \/>\n<script type=\"application\/ld+json\" class=\"yoast-schema-graph\">{\"@context\":\"https:\/\/schema.org\",\"@graph\":[{\"@type\":\"WebPage\",\"@id\":\"https:\/\/www.hbs-sa.com\/fr\/careers\/\",\"url\":\"https:\/\/www.hbs-sa.com\/fr\/careers\/\",\"name\":\"Carri\u00e8res - HBS\",\"isPartOf\":{\"@id\":\"https:\/\/www.hbs-sa.com\/en\/#website\"},\"datePublished\":\"2015-07-01T14:01:11+00:00\",\"dateModified\":\"2025-04-07T15:09:37+00:00\",\"description\":\"HBS est toujours \u00e0 la recherche de personnes d'exception pour renforcer son \u00e9quipe. Contactez-nous si vous pensez avoir le profil ad\u00e9quat.\",\"breadcrumb\":{\"@id\":\"https:\/\/www.hbs-sa.com\/fr\/careers\/#breadcrumb\"},\"inLanguage\":\"fr-FR\",\"potentialAction\":[{\"@type\":\"ReadAction\",\"target\":[\"https:\/\/www.hbs-sa.com\/fr\/careers\/\"]}]},{\"@type\":\"BreadcrumbList\",\"@id\":\"https:\/\/www.hbs-sa.com\/fr\/careers\/#breadcrumb\",\"itemListElement\":[{\"@type\":\"ListItem\",\"position\":1,\"name\":\"Home\",\"item\":\"https:\/\/www.hbs-sa.com\/fr\/\"},{\"@type\":\"ListItem\",\"position\":2,\"name\":\"carri\u00e8res\"}]},{\"@type\":\"WebSite\",\"@id\":\"https:\/\/www.hbs-sa.com\/en\/#website\",\"url\":\"https:\/\/www.hbs-sa.com\/en\/\",\"name\":\"hbs\",\"description\":\"\",\"potentialAction\":[{\"@type\":\"SearchAction\",\"target\":{\"@type\":\"EntryPoint\",\"urlTemplate\":\"https:\/\/www.hbs-sa.com\/en\/?s={search_term_string}\"},\"query-input\":{\"@type\":\"PropertyValueSpecification\",\"valueRequired\":true,\"valueName\":\"search_term_string\"}}],\"inLanguage\":\"fr-FR\"}]}<\/script>\n<!-- \/ Yoast SEO plugin. -->","yoast_head_json":{"title":"Carri\u00e8res - HBS","description":"HBS est toujours \u00e0 la recherche de personnes d'exception pour renforcer son \u00e9quipe. Contactez-nous si vous pensez avoir le profil ad\u00e9quat.","robots":{"index":"index","follow":"follow","max-snippet":"max-snippet:-1","max-image-preview":"max-image-preview:large","max-video-preview":"max-video-preview:-1"},"canonical":"https:\/\/www.hbs-sa.com\/fr\/careers\/","og_locale":"fr_FR","og_type":"article","og_title":"Carri\u00e8res - HBS","og_description":"HBS est toujours \u00e0 la recherche de personnes d'exception pour renforcer son \u00e9quipe. Contactez-nous si vous pensez avoir le profil ad\u00e9quat.","og_url":"https:\/\/www.hbs-sa.com\/fr\/careers\/","og_site_name":"hbs","article_modified_time":"2025-04-07T15:09:37+00:00","twitter_card":"summary_large_image","twitter_misc":{"Dur\u00e9e de lecture estim\u00e9e":"1 minute"},"schema":{"@context":"https:\/\/schema.org","@graph":[{"@type":"WebPage","@id":"https:\/\/www.hbs-sa.com\/fr\/careers\/","url":"https:\/\/www.hbs-sa.com\/fr\/careers\/","name":"Carri\u00e8res - HBS","isPartOf":{"@id":"https:\/\/www.hbs-sa.com\/en\/#website"},"datePublished":"2015-07-01T14:01:11+00:00","dateModified":"2025-04-07T15:09:37+00:00","description":"HBS est toujours \u00e0 la recherche de personnes d'exception pour renforcer son \u00e9quipe. Contactez-nous si vous pensez avoir le profil ad\u00e9quat.","breadcrumb":{"@id":"https:\/\/www.hbs-sa.com\/fr\/careers\/#breadcrumb"},"inLanguage":"fr-FR","potentialAction":[{"@type":"ReadAction","target":["https:\/\/www.hbs-sa.com\/fr\/careers\/"]}]},{"@type":"BreadcrumbList","@id":"https:\/\/www.hbs-sa.com\/fr\/careers\/#breadcrumb","itemListElement":[{"@type":"ListItem","position":1,"name":"Home","item":"https:\/\/www.hbs-sa.com\/fr\/"},{"@type":"ListItem","position":2,"name":"carri\u00e8res"}]},{"@type":"WebSite","@id":"https:\/\/www.hbs-sa.com\/en\/#website","url":"https:\/\/www.hbs-sa.com\/en\/","name":"hbs","description":"","potentialAction":[{"@type":"SearchAction","target":{"@type":"EntryPoint","urlTemplate":"https:\/\/www.hbs-sa.com\/en\/?s={search_term_string}"},"query-input":{"@type":"PropertyValueSpecification","valueRequired":true,"valueName":"search_term_string"}}],"inLanguage":"fr-FR"}]}},"_links":{"self":[{"href":"https:\/\/www.hbs-sa.com\/fr\/wp-json\/wp\/v2\/pages\/597","targetHints":{"allow":["GET"]}}],"collection":[{"href":"https:\/\/www.hbs-sa.com\/fr\/wp-json\/wp\/v2\/pages"}],"about":[{"href":"https:\/\/www.hbs-sa.com\/fr\/wp-json\/wp\/v2\/types\/page"}],"author":[{"embeddable":true,"href":"https:\/\/www.hbs-sa.com\/fr\/wp-json\/wp\/v2\/users\/1"}],"replies":[{"embeddable":true,"href":"https:\/\/www.hbs-sa.com\/fr\/wp-json\/wp\/v2\/comments?post=597"}],"version-history":[{"count":1,"href":"https:\/\/www.hbs-sa.com\/fr\/wp-json\/wp\/v2\/pages\/597\/revisions"}],"predecessor-version":[{"id":3918,"href":"https:\/\/www.hbs-sa.com\/fr\/wp-json\/wp\/v2\/pages\/597\/revisions\/3918"}],"wp:attachment":[{"href":"https:\/\/www.hbs-sa.com\/fr\/wp-json\/wp\/v2\/media?parent=597"}],"curies":[{"name":"wp","href":"https:\/\/api.w.org\/{rel}","templated":true}]}}